{"id":844,"date":"2025-08-08T15:05:11","date_gmt":"2025-08-08T15:05:11","guid":{"rendered":"https:\/\/afabonavista.es\/contact-us\/"},"modified":"2025-10-09T17:15:10","modified_gmt":"2025-10-09T15:15:10","slug":"contacto","status":"publish","type":"page","link":"https:\/\/afabonavista.es\/val\/contacto\/","title":{"rendered":"CONTACTE"},"content":{"rendered":"<div class=\"wp-block-uagb-container uagb-layout-flex uagb-block-dbb9253f alignfull uagb-is-root-container\">\n<figure class=\"wp-block-image size-large\"><img loading=\"lazy\" decoding=\"async\" width=\"1024\" height=\"507\" src=\"https:\/\/afabonavista.es\/wp-content\/uploads\/2025\/10\/contacto_val2.jpg\" alt=\"\" class=\"wp-image-3867\" style=\"aspect-ratio:16\/9;object-fit:contain\" srcset=\"https:\/\/afabonavista.es\/wp-content\/uploads\/2025\/10\/contacto_val2.jpg 1046w, https:\/\/afabonavista.es\/wp-content\/uploads\/2025\/10\/contacto_val2-300x153.jpg 300w, https:\/\/afabonavista.es\/wp-content\/uploads\/2025\/10\/contacto_val2-1024x524.jpg 1024w, https:\/\/afabonavista.es\/wp-content\/uploads\/2025\/10\/contacto_val2-768x393.jpg 768w, https:\/\/afabonavista.es\/wp-content\/uploads\/2025\/10\/contacto_val2-18x9.jpg 18w, https:\/\/afabonavista.es\/wp-content\/uploads\/2025\/10\/contacto_val2-600x307.jpg 600w\" sizes=\"auto, (max-width: 1024px) 100vw, 1024px\" \/><\/figure>\n<\/div>\n\n\n\n<div class=\"wp-block-uagb-container uagb-block-1fac5015 alignfull uagb-is-root-container\"><div class=\"uagb-container-inner-blocks-wrap\">\n<div class=\"wp-block-uagb-container uagb-block-6703f06c\">\n<div class=\"wp-block-uagb-container uagb-block-7ef4e0f6\">\n<div class=\"wp-block-uagb-advanced-heading uagb-block-33677624\"><h3 class=\"uagb-heading-text\">CONTACTE<\/h3><p class=\"uagb-desc-text\">Ompli per favor el seg\u00fcent formulari per a contactar-nos en cas de qualsevol dubte o petici\u00f3 a AFA BONAVISTA. <br><br>Tamb\u00e9 pots escriure'ns directament un email al nostre compte de correu electr\u00f2nic <a href=\"mailto:afabonavistaalaquas@gmail.com\">afabonavistaalaquas@gmail.com<\/a><\/p><\/div>\n\n\n\n<p><\/p>\n\n\n\n<p><\/p>\n<\/div>\n\n\n\n<div class=\"wp-block-uagb-container uagb-block-032547f4\"><div class=\"forminator-ui forminator-custom-form forminator-custom-form-3583 forminator-design--default  forminator_ajax\" data-forminator-render=\"0\" data-form=\"forminator-module-3583\" data-uid=\"69d786524fc23\"><br\/><\/div><form\n\t\t\t\tid=\"forminator-module-3583\"\n\t\t\t\tclass=\"forminator-ui forminator-custom-form forminator-custom-form-3583 forminator-design--default  forminator_ajax\"\n\t\t\t\tmethod=\"post\"\n\t\t\t\tdata-forminator-render=\"0\"\n\t\t\t\tdata-form-id=\"3583\"\n\t\t\t\t data-color-option=\"theme\" data-design=\"default\" data-grid=\"open\" style=\"display: none;\"\n\t\t\t\tdata-uid=\"69d786524fc23\" action=\"\"\n\t\t\t><div role=\"alert\" aria-live=\"polite\" class=\"forminator-response-message forminator-error\" aria-hidden=\"true\"><\/div><div class=\"forminator-row\"><div id=\"name-1\" class=\"forminator-field-name forminator-col forminator-col-6\"><div class=\"forminator-field\"><label for=\"forminator-field-name-1_69d786524fc23\" id=\"forminator-field-name-1_69d786524fc23-label\" class=\"forminator-label\">NOM <span class=\"forminator-required\">*<\/span><\/label><input type=\"text\" name=\"name-1\" value=\"\" placeholder=\"\" id=\"forminator-field-name-1_69d786524fc23\" class=\"forminator-input forminator-name--field\" aria-required=\"true\" autocomplete=\"name\" \/><\/div><\/div><div id=\"name-2\" class=\"forminator-field-name forminator-col forminator-col-6\"><div class=\"forminator-field\"><label for=\"forminator-field-name-2_69d786524fc23\" id=\"forminator-field-name-2_69d786524fc23-label\" class=\"forminator-label\">COGNOM <span class=\"forminator-required\">*<\/span><\/label><input type=\"text\" name=\"name-2\" value=\"\" placeholder=\"\" id=\"forminator-field-name-2_69d786524fc23\" class=\"forminator-input forminator-name--field\" aria-required=\"true\" autocomplete=\"name\" \/><\/div><\/div><\/div><div class=\"forminator-row\"><div id=\"email-1\" class=\"forminator-field-email forminator-col forminator-col-12\"><div class=\"forminator-field\"><label for=\"forminator-field-email-1_69d786524fc23\" id=\"forminator-field-email-1_69d786524fc23-label\" class=\"forminator-label\">EMAIL <span class=\"forminator-required\">*<\/span><\/label><input type=\"email\" name=\"email-1\" value=\"\" placeholder=\"\" id=\"forminator-field-email-1_69d786524fc23\" class=\"forminator-input forminator-email--field\" data-required=\"true\" aria-required=\"true\" autocomplete=\"email\" \/><\/div><\/div><\/div><div class=\"forminator-row\"><div id=\"textarea-1\" class=\"forminator-field-textarea forminator-col forminator-col-12\"><div class=\"forminator-field\"><label for=\"forminator-field-textarea-1_69d786524fc23\" id=\"forminator-field-textarea-1_69d786524fc23-label\" class=\"forminator-label\">MISSATGE <span class=\"forminator-required\">*<\/span><\/label><span id=\"forminator-field-textarea-1_69d786524fc23-description\" class=\"forminator-description\"><span data-limit=\"500\" data-type=\"characters\" data-editor=\"\">0 \/ 500<\/span><\/span><textarea name=\"textarea-1\" placeholder=\"\" id=\"forminator-field-textarea-1_69d786524fc23\" class=\"forminator-textarea\" rows=\"6\" style=\"min-height:140px;\" maxlength=\"500\" ><\/textarea><\/div><\/div><\/div><div class=\"forminator-row\"><div id=\"captcha-1\" class=\"forminator-field-captcha forminator-col forminator-col-12\"><div class=\"forminator-captcha-left forminator-hcaptcha\" data-theme=\"light\"  data-sitekey=\"28728778-944e-44fa-b76c-048426c4d532\" data-size=\"normal\"><\/div> <\/div><\/div><input type=\"hidden\" name=\"referer_url\" value=\"\" \/><div class=\"forminator-row forminator-row-last\"><div class=\"forminator-col\"><div class=\"forminator-field\"><button class=\"forminator-button forminator-button-submit\">Enviar<\/button><\/div><\/div><\/div><input type=\"hidden\" id=\"forminator_nonce\" name=\"forminator_nonce\" value=\"2f60568649\" \/><input type=\"hidden\" name=\"_wp_http_referer\" value=\"\/val\/wp-json\/wp\/v2\/pages\/844\" \/><input type=\"hidden\" name=\"form_id\" value=\"3583\"><input type=\"hidden\" name=\"page_id\" value=\"844\"><input type=\"hidden\" name=\"form_type\" value=\"default\"><input type=\"hidden\" name=\"current_url\" value=\"https:\/\/afabonavista.es\/val\/contacto\/\"><input type=\"hidden\" name=\"render_id\" value=\"0\"><input type=\"hidden\" name=\"action\" value=\"forminator_submit_form_custom-forms\"><input type=\"hidden\" name=\"trp-form-language\" value=\"val\"\/><\/form>\n<\/div>\n<\/div>\n\n\n\n<div class=\"wp-block-uagb-separator uagb-block-01561fe4\"><div class=\"wp-block-uagb-separator__inner\" style=\"--my-background-image:\"><\/div><\/div>\n\n\n\n<div class=\"wp-block-uagb-container uagb-block-70554f1f\">\n<div class=\"wp-block-uagb-container uagb-block-01c556ee\">\n<div class=\"wp-block-uagb-info-box uagb-block-5b597a5e uagb-infobox__content-wrap  uagb-infobox-icon-above-title uagb-infobox-image-valign-top\"><div class=\"uagb-ifb-content\"><div class=\"uagb-ifb-icon-wrap\"><svg xmlns=\"https:\/\/www.w3.org\/2000\/svg\" viewbox=\"0 0 448 512\"><path d=\"M438.6 278.6l-160 160C272.4 444.9 264.2 448 256 448s-16.38-3.125-22.62-9.375c-12.5-12.5-12.5-32.75 0-45.25L338.8 288H32C14.33 288 .0016 273.7 .0016 256S14.33 224 32 224h306.8l-105.4-105.4c-12.5-12.5-12.5-32.75 0-45.25s32.75-12.5 45.25 0l160 160C451.1 245.9 451.1 266.1 438.6 278.6z\"><\/path><\/svg><\/div><div class=\"uagb-ifb-title-wrap\"><\/div><\/div><\/div>\n<\/div>\n\n\n\n<div class=\"wp-block-uagb-container uagb-block-01c9c749\">\n<div class=\"wp-block-uagb-advanced-heading uagb-block-ae0c58ca\"><h4 class=\"uagb-heading-text\">Direcci\u00f3<\/h4><\/div>\n\n\n\n<div class=\"wp-block-uagb-advanced-heading uagb-block-a72059c6\"><h5 class=\"uagb-heading-text\">CAMI DE LA TANCADETA, S\/N ; 46970 ; Alaqu\u00e0s<\/h5><\/div>\n<\/div>\n\n\n\n<div class=\"wp-block-uagb-container uagb-block-ec6aef0a\">\n<div class=\"wp-block-uagb-advanced-heading uagb-block-7766b674\"><h4 class=\"uagb-heading-text\">Email<\/h4><\/div>\n\n\n\n<div class=\"wp-block-uagb-advanced-heading uagb-block-9305a73c\"><h5 class=\"uagb-heading-text\"><a href=\"mailto:afabonavistaalaquas@gmail.com\">afabonavistaalaquas@gmail.com<\/a><\/h5><\/div>\n<\/div>\n<\/div>\n\n\n\n<div class=\"wp-block-uagb-container uagb-block-a1d0505f\"><\/div>\n<\/div><\/div>\n\n\n\n<div class=\"wp-block-uagb-container uagb-block-4ea7dad9 alignfull uagb-is-root-container\"><div class=\"uagb-container-inner-blocks-wrap\">\n<div class=\"wp-block-uagb-container uagb-block-8cd74808\">\n<div class=\"wp-block-uagb-info-box uagb-block-0a23ee01 uagb-infobox__content-wrap  uagb-infobox-icon-above-title uagb-infobox-image-valign-top\"><div class=\"uagb-ifb-content\"><div class=\"uagb-ifb-title-wrap\"><h2 class=\"uagb-ifb-title\">Tens dubtes?<\/h2><\/div><\/div><\/div>\n\n\n\n<div class=\"wp-block-uagb-buttons uagb-buttons__outer-wrap uagb-btn__default-btn uagb-btn-tablet__default-btn uagb-btn-mobile__default-btn uagb-block-9956ea11\"><div class=\"uagb-buttons__wrap uagb-buttons-layout-wrap\">\n<div class=\"wp-block-uagb-buttons-child uagb-buttons__outer-wrap uagb-block-7e543595 wp-block-button\"><div class=\"uagb-button__wrapper\"><a class=\"uagb-buttons-repeater wp-block-button__link\" aria-label=\"\" href=\"https:\/\/afabonavista.es\/val\/contacto\/\" rel=\"follow noopener\" target=\"_self\" role=\"button\"><div class=\"uagb-button__link\">Contacta'ns<\/div><\/a><\/div><\/div>\n<\/div><\/div>\n<\/div>\n\n\n\n<div class=\"wp-block-uagb-container uagb-block-7aa7b920\">\n<div class=\"wp-block-uagb-info-box uagb-block-2e11af02 uagb-infobox__content-wrap  uagb-infobox-icon-above-title uagb-infobox-image-valign-top\"><div class=\"uagb-ifb-content\"><div class=\"uagb-ifb-title-wrap\"><h5 class=\"uagb-ifb-title\">COMPTE PERSONAL<\/h5><\/div><p class=\"uagb-ifb-desc\">Accedeix al teu compte personal per a poder descarregar informaci\u00f3 personalitzada.<\/p><div class=\"uagb-ifb-button-wrapper wp-block-button\"><a href=\"https:\/\/afabonavista.es\/val\/micuenta\/\" class=\"uagb-infobox-cta-link wp-block-button__link\" target=\"_self\" rel=\"noopener noreferrer\" onclick=\"return true;\"><span class=\"uagb-inline-editing\">USUARI<\/span><\/a><\/div><\/div><\/div>\n<\/div>\n\n\n\n<div class=\"wp-block-uagb-container uagb-block-e51ed28b\">\n<div class=\"wp-block-uagb-info-box uagb-block-c8f3c22a uagb-infobox__content-wrap  uagb-infobox-icon-above-title uagb-infobox-image-valign-top\"><div class=\"uagb-ifb-content\"><div class=\"uagb-ifb-title-wrap\"><h5 class=\"uagb-ifb-title\">BLOG AFA BONAVISTA<\/h5><\/div><p class=\"uagb-ifb-desc\">Visita el nostre blog per a estar a l'\u00faltima de totes les novetats en el CEIP BONAVISTA.<\/p><div class=\"uagb-ifb-button-wrapper wp-block-button\"><a href=\"https:\/\/afabonavista.es\/val\/afanews\/\" class=\"uagb-infobox-cta-link wp-block-button__link\" target=\"_self\" rel=\"noopener noreferrer\" onclick=\"return true;\"><span class=\"uagb-inline-editing\">BLOG AFA BONAVISTA<\/span><\/a><\/div><\/div><\/div>\n<\/div>\n<\/div><\/div>\n\n\n\n<p><\/p>","protected":false},"excerpt":{"rendered":"<p>CONTACTO Rellena por favor el siguiente formulario para contactarnos en caso de cualquier duda o petici\u00f3n a AFA BONAVISTA. Tambi\u00e9n puedes escribirnos directamente un email a nuestra cuenta de correo electr\u00f3nico afabonavistaalaquas@gmail.com Direcci\u00f3n CAMI DE LA TANCADETA, S\/N ; 46970 ; Alaqu\u00e0s Email\u200b afabonavistaalaquas@gmail.com<\/p>","protected":false},"author":1,"featured_media":0,"parent":0,"menu_order":0,"comment_status":"closed","ping_status":"closed","template":"","meta":{"_uag_custom_page_level_css":"","site-sidebar-layout":"default","site-content-layout":"page-builder","ast-site-content-layout":"full-width-container","site-content-style":"unboxed","site-sidebar-style":"unboxed","ast-global-header-display":"","ast-banner-title-visibility":"","ast-main-header-display":"","ast-hfb-above-header-display":"","ast-hfb-below-header-display":"","ast-hfb-mobile-header-display":"","site-post-title":"disabled","ast-breadcrumbs-content":"","ast-featured-img":"","footer-sml-layout":"","theme-transparent-header-meta":"","adv-header-id-meta":"","stick-header-meta":"","header-above-stick-meta":"","header-main-stick-meta":"","header-below-stick-meta":"","astra-migrate-meta-layouts":"set","ast-page-background-enabled":"default","ast-page-background-meta":{"desktop":{"background-color":"","background-image":"","background-repeat":"repeat","background-position":"center center","background-size":"auto","background-attachment":"scroll","background-type":"","background-media":"","overlay-type":"","overlay-color":"","overlay-opacity":"","overlay-gradient":""},"tablet":{"background-color":"","background-image":"","background-repeat":"repeat","background-position":"center center","background-size":"auto","background-attachment":"scroll","background-type":"","background-media":"","overlay-type":"","overlay-color":"","overlay-opacity":"","overlay-gradient":""},"mobile":{"background-color":"","background-image":"","background-repeat":"repeat","background-position":"center center","background-size":"auto","background-attachment":"scroll","background-type":"","background-media":"","overlay-type":"","overlay-color":"","overlay-opacity":"","overlay-gradient":""}},"ast-content-background-meta":{"desktop":{"background-color":"var(--ast-global-color-5)","background-image":"","background-repeat":"repeat","background-position":"center center","background-size":"auto","background-attachment":"scroll","background-type":"","background-media":"","overlay-type":"","overlay-color":"","overlay-opacity":"","overlay-gradient":""},"tablet":{"background-color":"var(--ast-global-color-5)","background-image":"","background-repeat":"repeat","background-position":"center center","background-size":"auto","background-attachment":"scroll","background-type":"","background-media":"","overlay-type":"","overlay-color":"","overlay-opacity":"","overlay-gradient":""},"mobile":{"background-color":"var(--ast-global-color-5)","background-image":"","background-repeat":"repeat","background-position":"center center","background-size":"auto","background-attachment":"scroll","background-type":"","background-media":"","overlay-type":"","overlay-color":"","overlay-opacity":"","overlay-gradient":""}},"footnotes":""},"class_list":["post-844","page","type-page","status-publish","hentry"],"aioseo_notices":[],"_hostinger_reach_plugin_has_subscription_block":false,"_hostinger_reach_plugin_is_elementor":false,"uagb_featured_image_src":{"full":false,"thumbnail":false,"medium":false,"medium_large":false,"large":false,"1536x1536":false,"2048x2048":false,"trp-custom-language-flag":false,"mailpoet_newsletter_max":false,"woocommerce_thumbnail":false,"woocommerce_single":false,"woocommerce_gallery_thumbnail":false},"uagb_author_info":{"display_name":"AFA BONAVISTA","author_link":"https:\/\/afabonavista.es\/val\/author\/osrodpegmail-com\/"},"uagb_comment_info":0,"uagb_excerpt":"CONTACTO Rellena por favor el siguiente formulario para contactarnos en caso de cualquier duda o petici\u00f3n a AFA BONAVISTA. Tambi\u00e9n puedes escribirnos directamente un email a nuestra cuenta de correo electr\u00f3nico afabonavistaalaquas@gmail.com Direcci\u00f3n CAMI DE LA TANCADETA, S\/N ; 46970 ; Alaqu\u00e0s Email\u200b afabonavistaalaquas@gmail.com","_links":{"self":[{"href":"https:\/\/afabonavista.es\/val\/wp-json\/wp\/v2\/pages\/844","targetHints":{"allow":["GET"]}}],"collection":[{"href":"https:\/\/afabonavista.es\/val\/wp-json\/wp\/v2\/pages"}],"about":[{"href":"https:\/\/afabonavista.es\/val\/wp-json\/wp\/v2\/types\/page"}],"author":[{"embeddable":true,"href":"https:\/\/afabonavista.es\/val\/wp-json\/wp\/v2\/users\/1"}],"replies":[{"embeddable":true,"href":"https:\/\/afabonavista.es\/val\/wp-json\/wp\/v2\/comments?post=844"}],"version-history":[{"count":48,"href":"https:\/\/afabonavista.es\/val\/wp-json\/wp\/v2\/pages\/844\/revisions"}],"predecessor-version":[{"id":3886,"href":"https:\/\/afabonavista.es\/val\/wp-json\/wp\/v2\/pages\/844\/revisions\/3886"}],"wp:attachment":[{"href":"https:\/\/afabonavista.es\/val\/wp-json\/wp\/v2\/media?parent=844"}],"curies":[{"name":"wp","href":"https:\/\/api.w.org\/{rel}","templated":true}]}}