{"id":842,"date":"2025-08-08T15:05:11","date_gmt":"2025-08-08T15:05:11","guid":{"rendered":"https:\/\/afabonavista.es\/home\/"},"modified":"2026-01-12T17:02:54","modified_gmt":"2026-01-12T15:02:54","slug":"inicio","status":"publish","type":"page","link":"https:\/\/afabonavista.es\/val\/","title":{"rendered":"ASSOCIACI\u00d3 DE FAM\u00cdLIES DEL CEIP BONAVISTA"},"content":{"rendered":"<div class=\"wp-block-uagb-container uagb-block-3b84524e alignfull uagb-is-root-container\">\n<figure class=\"wp-block-image alignfull size-large wp-duotone-unset-1\"><img loading=\"lazy\" decoding=\"async\" width=\"1024\" height=\"169\" src=\"https:\/\/afabonavista.es\/wp-content\/uploads\/2025\/09\/afa-1024x169.jpg\" alt=\"\" class=\"wp-image-3357\" srcset=\"https:\/\/afabonavista.es\/wp-content\/uploads\/2025\/09\/afa-1024x169.jpg 1024w, https:\/\/afabonavista.es\/wp-content\/uploads\/2025\/09\/afa-300x50.jpg 300w, https:\/\/afabonavista.es\/wp-content\/uploads\/2025\/09\/afa-768x127.jpg 768w, https:\/\/afabonavista.es\/wp-content\/uploads\/2025\/09\/afa-1536x254.jpg 1536w, https:\/\/afabonavista.es\/wp-content\/uploads\/2025\/09\/afa-2048x338.jpg 2048w, https:\/\/afabonavista.es\/wp-content\/uploads\/2025\/09\/afa-18x3.jpg 18w, https:\/\/afabonavista.es\/wp-content\/uploads\/2025\/09\/afa-1320x218.jpg 1320w, https:\/\/afabonavista.es\/wp-content\/uploads\/2025\/09\/afa-600x99.jpg 600w\" sizes=\"auto, (max-width: 1024px) 100vw, 1024px\" \/><\/figure>\n<\/div>\n\n\n\n<p><\/p>\n\n\n\n<p><\/p>\n\n\n\n<div class=\"wp-block-uagb-container uagb-block-ccba1ff4 alignfull uagb-is-root-container\"><div class=\"uagb-container-inner-blocks-wrap\">\n<figure class=\"wp-block-image size-large\"><img loading=\"lazy\" decoding=\"async\" width=\"1024\" height=\"35\" src=\"https:\/\/afabonavista.es\/wp-content\/uploads\/2025\/08\/white_space-1024x35.jpg\" alt=\"\" class=\"wp-image-2429\" srcset=\"https:\/\/afabonavista.es\/wp-content\/uploads\/2025\/08\/white_space-1024x35.jpg 1024w, https:\/\/afabonavista.es\/wp-content\/uploads\/2025\/08\/white_space-300x10.jpg 300w, https:\/\/afabonavista.es\/wp-content\/uploads\/2025\/08\/white_space-768x26.jpg 768w, https:\/\/afabonavista.es\/wp-content\/uploads\/2025\/08\/white_space-1320x45.jpg 1320w, https:\/\/afabonavista.es\/wp-content\/uploads\/2025\/08\/white_space-600x21.jpg 600w, https:\/\/afabonavista.es\/wp-content\/uploads\/2025\/08\/white_space.jpg 1456w\" sizes=\"auto, (max-width: 1024px) 100vw, 1024px\" \/><\/figure>\n<\/div><\/div>\n\n\n\n<figure class=\"wp-block-embed is-type-video is-provider-youtube wp-block-embed-youtube wp-embed-aspect-16-9 wp-has-aspect-ratio\"><div class=\"wp-block-embed__wrapper\">\n<div class=\"ast-oembed-container\" style=\"height: 100%;\"><iframe loading=\"lazy\" title=\"Cada familia suma_Ampa Tancadeta Bonavista\" width=\"500\" height=\"281\" src=\"https:\/\/www.youtube.com\/embed\/6TDSv5rOHhE?feature=oembed\" frameborder=\"0\" allow=\"accelerometer; autoplay; clipboard-write; encrypted-media; gyroscope; picture-in-picture; web-share\" referrerpolicy=\"strict-origin-when-cross-origin\" allowfullscreen><\/iframe><\/div>\n<\/div><\/figure>\n\n\n\n<figure class=\"wp-block-image size-large is-resized\"><img loading=\"lazy\" decoding=\"async\" width=\"1024\" height=\"35\" src=\"https:\/\/afabonavista.es\/wp-content\/uploads\/2025\/08\/white_space-1024x35.jpg\" alt=\"\" class=\"wp-image-2429\" style=\"width:1161px;height:auto\" srcset=\"https:\/\/afabonavista.es\/wp-content\/uploads\/2025\/08\/white_space-1024x35.jpg 1024w, https:\/\/afabonavista.es\/wp-content\/uploads\/2025\/08\/white_space-300x10.jpg 300w, https:\/\/afabonavista.es\/wp-content\/uploads\/2025\/08\/white_space-768x26.jpg 768w, https:\/\/afabonavista.es\/wp-content\/uploads\/2025\/08\/white_space-1320x45.jpg 1320w, https:\/\/afabonavista.es\/wp-content\/uploads\/2025\/08\/white_space-600x21.jpg 600w, https:\/\/afabonavista.es\/wp-content\/uploads\/2025\/08\/white_space.jpg 1456w\" sizes=\"auto, (max-width: 1024px) 100vw, 1024px\" \/><\/figure>\n\n\n\n<div class=\"wp-block-uagb-container uagb-layout-flex uagb-block-7daf618b alignfull uagb-is-root-container\"><div class=\"uagb-container-inner-blocks-wrap\">\n<blockquote class=\"wp-block-quote is-layout-flow wp-block-quote-is-layout-flow\">\n<p class=\"has-text-align-center\"><strong>\u00abMolta gent xicoteta en llocs xicotets, fent coses xicotetes poden canviar el m\u00f3n\u00bb<\/strong> <\/p>\n\n\n\n<p class=\"has-text-align-left\">                (Eduardo Galeano)<\/p>\n<\/blockquote>\n<\/div><\/div>\n\n\n\n<figure class=\"wp-block-image size-large\"><img loading=\"lazy\" decoding=\"async\" width=\"1024\" height=\"35\" src=\"https:\/\/afabonavista.es\/wp-content\/uploads\/2025\/08\/white_space-1024x35.jpg\" alt=\"\" class=\"wp-image-2429\" srcset=\"https:\/\/afabonavista.es\/wp-content\/uploads\/2025\/08\/white_space-1024x35.jpg 1024w, https:\/\/afabonavista.es\/wp-content\/uploads\/2025\/08\/white_space-300x10.jpg 300w, https:\/\/afabonavista.es\/wp-content\/uploads\/2025\/08\/white_space-768x26.jpg 768w, https:\/\/afabonavista.es\/wp-content\/uploads\/2025\/08\/white_space-1320x45.jpg 1320w, https:\/\/afabonavista.es\/wp-content\/uploads\/2025\/08\/white_space-600x21.jpg 600w, https:\/\/afabonavista.es\/wp-content\/uploads\/2025\/08\/white_space.jpg 1456w\" sizes=\"auto, (max-width: 1024px) 100vw, 1024px\" \/><\/figure>\n\n\n\n<div class=\"wp-block-uagb-container uagb-block-12810da8 default uagb-is-root-container\">\n<div class=\"wp-block-uagb-advanced-heading uagb-block-685187f7\"><h2 class=\"uagb-heading-text\">not\u00edcies i comunicats m\u00e9s recents<\/h2><\/div>\n\n\n<ul class=\"wp-block-latest-posts__list is-grid columns-3 has-dates alignwide wp-block-latest-posts has-medium-font-size\"><li><div class=\"wp-block-latest-posts__featured-image\"><a href=\"https:\/\/afabonavista.es\/val\/el-nuevo-consejo-escolar-ya-esta-en-marcha\/\" aria-label=\"El nou Consell Escolar ja est\u00e0 en marxa!\"><img loading=\"lazy\" decoding=\"async\" width=\"300\" height=\"200\" src=\"https:\/\/afabonavista.es\/wp-content\/uploads\/2026\/02\/portada-noticia-scaled.jpg\" class=\"attachment-medium size-medium wp-post-image\" alt=\"\" style=\"max-width:300px;max-height:300px;\" \/><\/a><\/div><a class=\"wp-block-latest-posts__post-title\" href=\"https:\/\/afabonavista.es\/val\/el-nuevo-consejo-escolar-ya-esta-en-marcha\/\">El nou Consell Escolar ja est\u00e0 en marxa!<\/a><time datetime=\"2026-02-24T13:35:42+02:00\" class=\"wp-block-latest-posts__post-date\">24\/02\/2026<\/time><\/li>\n<li><div class=\"wp-block-latest-posts__featured-image\"><a href=\"https:\/\/afabonavista.es\/val\/una-mirada-atras\/\" aria-label=\"Una mirada arrere\"><img loading=\"lazy\" decoding=\"async\" width=\"300\" height=\"169\" src=\"https:\/\/afabonavista.es\/wp-content\/uploads\/2026\/02\/02-FESTA-BENVINGUDA-01-300x169.jpg\" class=\"attachment-medium size-medium wp-post-image\" alt=\"\" style=\"max-width:300px;max-height:300px;\" srcset=\"https:\/\/afabonavista.es\/wp-content\/uploads\/2026\/02\/02-FESTA-BENVINGUDA-01-300x169.jpg 300w, https:\/\/afabonavista.es\/wp-content\/uploads\/2026\/02\/02-FESTA-BENVINGUDA-01-1024x576.jpg 1024w, https:\/\/afabonavista.es\/wp-content\/uploads\/2026\/02\/02-FESTA-BENVINGUDA-01-768x432.jpg 768w, https:\/\/afabonavista.es\/wp-content\/uploads\/2026\/02\/02-FESTA-BENVINGUDA-01-1536x864.jpg 1536w, https:\/\/afabonavista.es\/wp-content\/uploads\/2026\/02\/02-FESTA-BENVINGUDA-01-18x10.jpg 18w, https:\/\/afabonavista.es\/wp-content\/uploads\/2026\/02\/02-FESTA-BENVINGUDA-01-1320x743.jpg 1320w, https:\/\/afabonavista.es\/wp-content\/uploads\/2026\/02\/02-FESTA-BENVINGUDA-01-600x338.jpg 600w, https:\/\/afabonavista.es\/wp-content\/uploads\/2026\/02\/02-FESTA-BENVINGUDA-01.jpg 1600w, https:\/\/afabonavista.es\/wp-content\/uploads\/2026\/02\/02-FESTA-BENVINGUDA-01-1200x675.jpg 1200w, https:\/\/afabonavista.es\/wp-content\/uploads\/2026\/02\/02-FESTA-BENVINGUDA-01-620x349.jpg 620w, https:\/\/afabonavista.es\/wp-content\/uploads\/2026\/02\/02-FESTA-BENVINGUDA-01-400x225.jpg 400w\" sizes=\"auto, (max-width: 300px) 100vw, 300px\" \/><\/a><\/div><a class=\"wp-block-latest-posts__post-title\" href=\"https:\/\/afabonavista.es\/val\/una-mirada-atras\/\">Una mirada arrere<\/a><time datetime=\"2026-02-09T21:18:09+02:00\" class=\"wp-block-latest-posts__post-date\">09\/02\/2026<\/time><\/li>\n<li><div class=\"wp-block-latest-posts__featured-image\"><a href=\"https:\/\/afabonavista.es\/val\/elecciones-consejo-escolar\/\" aria-label=\"Eleccions Consell Escolar\"><img loading=\"lazy\" decoding=\"async\" width=\"241\" height=\"300\" src=\"https:\/\/afabonavista.es\/wp-content\/uploads\/2025\/10\/Imatge_Eleccions_Consell_Escolar_2025-241x300.png\" class=\"attachment-medium size-medium wp-post-image\" alt=\"\" style=\"max-width:300px;max-height:300px;\" srcset=\"https:\/\/afabonavista.es\/wp-content\/uploads\/2025\/10\/Imatge_Eleccions_Consell_Escolar_2025-241x300.png 241w, https:\/\/afabonavista.es\/wp-content\/uploads\/2025\/10\/Imatge_Eleccions_Consell_Escolar_2025-10x12.png 10w, https:\/\/afabonavista.es\/wp-content\/uploads\/2025\/10\/Imatge_Eleccions_Consell_Escolar_2025-600x748.png 600w, https:\/\/afabonavista.es\/wp-content\/uploads\/2025\/10\/Imatge_Eleccions_Consell_Escolar_2025.png 754w\" sizes=\"auto, (max-width: 241px) 100vw, 241px\" \/><\/a><\/div><a class=\"wp-block-latest-posts__post-title\" href=\"https:\/\/afabonavista.es\/val\/elecciones-consejo-escolar\/\">Eleccions Consell Escolar<\/a><time datetime=\"2025-10-22T17:39:45+02:00\" class=\"wp-block-latest-posts__post-date\">22\/10\/2025<\/time><\/li>\n<\/ul>\n\n\n<figure class=\"wp-block-image size-large\"><img loading=\"lazy\" decoding=\"async\" width=\"1024\" height=\"35\" src=\"https:\/\/afabonavista.es\/wp-content\/uploads\/2025\/08\/white_space-1024x35.jpg\" alt=\"\" class=\"wp-image-2429\" srcset=\"https:\/\/afabonavista.es\/wp-content\/uploads\/2025\/08\/white_space-1024x35.jpg 1024w, https:\/\/afabonavista.es\/wp-content\/uploads\/2025\/08\/white_space-300x10.jpg 300w, https:\/\/afabonavista.es\/wp-content\/uploads\/2025\/08\/white_space-768x26.jpg 768w, https:\/\/afabonavista.es\/wp-content\/uploads\/2025\/08\/white_space-1320x45.jpg 1320w, https:\/\/afabonavista.es\/wp-content\/uploads\/2025\/08\/white_space-600x21.jpg 600w, https:\/\/afabonavista.es\/wp-content\/uploads\/2025\/08\/white_space.jpg 1456w\" sizes=\"auto, (max-width: 1024px) 100vw, 1024px\" \/><\/figure>\n<\/div>\n\n\n\n<figure class=\"wp-block-image size-large\"><img loading=\"lazy\" decoding=\"async\" width=\"1024\" height=\"35\" src=\"https:\/\/afabonavista.es\/wp-content\/uploads\/2025\/08\/white_space-1024x35.jpg\" alt=\"\" class=\"wp-image-2429\" srcset=\"https:\/\/afabonavista.es\/wp-content\/uploads\/2025\/08\/white_space-1024x35.jpg 1024w, https:\/\/afabonavista.es\/wp-content\/uploads\/2025\/08\/white_space-300x10.jpg 300w, https:\/\/afabonavista.es\/wp-content\/uploads\/2025\/08\/white_space-768x26.jpg 768w, https:\/\/afabonavista.es\/wp-content\/uploads\/2025\/08\/white_space-1320x45.jpg 1320w, https:\/\/afabonavista.es\/wp-content\/uploads\/2025\/08\/white_space-600x21.jpg 600w, https:\/\/afabonavista.es\/wp-content\/uploads\/2025\/08\/white_space.jpg 1456w\" sizes=\"auto, (max-width: 1024px) 100vw, 1024px\" \/><\/figure>\n\n\n\n<div class=\"wp-block-uagb-container uagb-block-ad0a5045 alignfull uagb-is-root-container\"><div class=\"uagb-container-inner-blocks-wrap\">\n<div class=\"wp-block-uagb-container uagb-block-b8b8b421\">\n<div class=\"wp-block-uagb-info-box uagb-block-75e13b78 uagb-infobox__content-wrap  uagb-infobox-icon-above-title uagb-infobox-image-valign-top\"><div class=\"uagb-ifb-content\"><div class=\"uagb-ifb-title-wrap\"><h2 class=\"uagb-ifb-title\">Tens dubtes?<\/h2><\/div><\/div><\/div>\n\n\n\n<div class=\"wp-block-uagb-buttons uagb-buttons__outer-wrap uagb-btn__default-btn uagb-btn-tablet__default-btn uagb-btn-mobile__default-btn uagb-block-35325fb5\"><div class=\"uagb-buttons__wrap uagb-buttons-layout-wrap\">\n<div class=\"wp-block-uagb-buttons-child uagb-buttons__outer-wrap uagb-block-a6aee5e8 wp-block-button\"><div class=\"uagb-button__wrapper\"><a class=\"uagb-buttons-repeater wp-block-button__link\" aria-label=\"\" href=\"https:\/\/afabonavista.es\/val\/contacto\/\" rel=\"follow noopener\" target=\"_self\" role=\"button\"><div class=\"uagb-button__link\">Contacta<\/div><\/a><\/div><\/div>\n<\/div><\/div>\n<\/div>\n\n\n\n<div class=\"wp-block-uagb-container uagb-block-5d07c623\">\n<div class=\"wp-block-uagb-info-box uagb-block-4e148387 uagb-infobox__content-wrap  uagb-infobox-icon-above-title uagb-infobox-image-valign-top\"><div class=\"uagb-ifb-content\"><div class=\"uagb-ifb-title-wrap\"><h5 class=\"uagb-ifb-title\"><a href=\"https:\/\/afabonavista.es\/val\/micuenta\/\" title=\"\">COMPTE PERSONAL<\/a><\/h5><\/div><p class=\"uagb-ifb-desc\">Accedeix al teu compte personal per a poder descarregar informaci\u00f3 personalitzada.<\/p><\/div><\/div>\n<\/div>\n\n\n\n<div class=\"wp-block-uagb-container uagb-block-f326328f\">\n<div class=\"wp-block-uagb-info-box uagb-block-ed1e0952 uagb-infobox__content-wrap  uagb-infobox-icon-above-title uagb-infobox-image-valign-top\"><div class=\"uagb-ifb-content\"><div class=\"uagb-ifb-title-wrap\"><h5 class=\"uagb-ifb-title\">\u200b<br><a href=\"https:\/\/afabonavista.es\/val\/afanews\/\" title=\"\">aFA NEWS<\/a><\/h5><\/div><p class=\"uagb-ifb-desc\">Visita el nostre blog per a estar a l'\u00faltima de totes les novetats en el CEIP BONAVISTA.<\/p><\/div><\/div>\n<\/div>\n<\/div><\/div>\n\n\n\n<div class=\"wp-block-uagb-container uagb-block-b82b4f5e alignfull uagb-is-root-container\"><div class=\"uagb-container-inner-blocks-wrap\"><\/div><\/div>","protected":false},"excerpt":{"rendered":"<p>\u00abMucha gente peque\u00f1a en lugares peque\u00f1os, haciendo cosas peque\u00f1as pueden cambiar el mundo\u00bb (Eduardo Galeano) noticias y comunicados m\u00e1s recientes<\/p>","protected":false},"author":1,"featured_media":2419,"parent":0,"menu_order":0,"comment_status":"closed","ping_status":"closed","template":"","meta":{"_uag_custom_page_level_css":"","site-sidebar-layout":"default","site-content-layout":"page-builder","ast-site-content-layout":"full-width-container","site-content-style":"unboxed","site-sidebar-style":"unboxed","ast-global-header-display":"","ast-banner-title-visibility":"","ast-main-header-display":"","ast-hfb-above-header-display":"","ast-hfb-below-header-display":"","ast-hfb-mobile-header-display":"","site-post-title":"disabled","ast-breadcrumbs-content":"","ast-featured-img":"","footer-sml-layout":"","theme-transparent-header-meta":"","adv-header-id-meta":"","stick-header-meta":"","header-above-stick-meta":"","header-main-stick-meta":"","header-below-stick-meta":"","astra-migrate-meta-layouts":"set","ast-page-background-enabled":"default","ast-page-background-meta":{"desktop":{"background-color":"","background-image":"","background-repeat":"repeat","background-position":"center center","background-size":"auto","background-attachment":"scroll","background-type":"","background-media":"","overlay-type":"","overlay-color":"","overlay-opacity":"","overlay-gradient":""},"tablet":{"background-color":"","background-image":"","background-repeat":"repeat","background-position":"center center","background-size":"auto","background-attachment":"scroll","background-type":"","background-media":"","overlay-type":"","overlay-color":"","overlay-opacity":"","overlay-gradient":""},"mobile":{"background-color":"","background-image":"","background-repeat":"repeat","background-position":"center center","background-size":"auto","background-attachment":"scroll","background-type":"","background-media":"","overlay-type":"","overlay-color":"","overlay-opacity":"","overlay-gradient":""}},"ast-content-background-meta":{"desktop":{"background-color":"var(--ast-global-color-5)","background-image":"","background-repeat":"repeat","background-position":"center center","background-size":"auto","background-attachment":"scroll","background-type":"","background-media":"","overlay-type":"","overlay-color":"","overlay-opacity":"","overlay-gradient":""},"tablet":{"background-color":"var(--ast-global-color-5)","background-image":"","background-repeat":"repeat","background-position":"center center","background-size":"auto","background-attachment":"scroll","background-type":"","background-media":"","overlay-type":"","overlay-color":"","overlay-opacity":"","overlay-gradient":""},"mobile":{"background-color":"var(--ast-global-color-5)","background-image":"","background-repeat":"repeat","background-position":"center center","background-size":"auto","background-attachment":"scroll","background-type":"","background-media":"","overlay-type":"","overlay-color":"","overlay-opacity":"","overlay-gradient":""}},"footnotes":""},"class_list":["post-842","page","type-page","status-publish","has-post-thumbnail","hentry"],"aioseo_notices":[],"_hostinger_reach_plugin_has_subscription_block":false,"_hostinger_reach_plugin_is_elementor":false,"uagb_featured_image_src":{"full":["https:\/\/afabonavista.es\/wp-content\/uploads\/2025\/08\/PHOTO-2025-07-24-20-00-12.jpg",1280,603,false],"thumbnail":["https:\/\/afabonavista.es\/wp-content\/uploads\/2025\/08\/PHOTO-2025-07-24-20-00-12-150x150.jpg",150,150,true],"medium":["https:\/\/afabonavista.es\/wp-content\/uploads\/2025\/08\/PHOTO-2025-07-24-20-00-12-300x141.jpg",300,141,true],"medium_large":["https:\/\/afabonavista.es\/wp-content\/uploads\/2025\/08\/PHOTO-2025-07-24-20-00-12-768x362.jpg",768,362,true],"large":["https:\/\/afabonavista.es\/wp-content\/uploads\/2025\/08\/PHOTO-2025-07-24-20-00-12-1024x482.jpg",1024,482,true],"1536x1536":["https:\/\/afabonavista.es\/wp-content\/uploads\/2025\/08\/PHOTO-2025-07-24-20-00-12.jpg",1280,603,false],"2048x2048":["https:\/\/afabonavista.es\/wp-content\/uploads\/2025\/08\/PHOTO-2025-07-24-20-00-12.jpg",1280,603,false],"trp-custom-language-flag":["https:\/\/afabonavista.es\/wp-content\/uploads\/2025\/08\/PHOTO-2025-07-24-20-00-12.jpg",18,8,false],"mailpoet_newsletter_max":["https:\/\/afabonavista.es\/wp-content\/uploads\/2025\/08\/PHOTO-2025-07-24-20-00-12.jpg",1280,603,false],"woocommerce_thumbnail":["https:\/\/afabonavista.es\/wp-content\/uploads\/2025\/08\/PHOTO-2025-07-24-20-00-12-300x300.jpg",300,300,true],"woocommerce_single":["https:\/\/afabonavista.es\/wp-content\/uploads\/2025\/08\/PHOTO-2025-07-24-20-00-12-600x283.jpg",600,283,true],"woocommerce_gallery_thumbnail":["https:\/\/afabonavista.es\/wp-content\/uploads\/2025\/08\/PHOTO-2025-07-24-20-00-12-100x100.jpg",100,100,true]},"uagb_author_info":{"display_name":"AFA BONAVISTA","author_link":"https:\/\/afabonavista.es\/val\/author\/osrodpegmail-com\/"},"uagb_comment_info":0,"uagb_excerpt":"\u00abMucha gente peque\u00f1a en lugares peque\u00f1os, haciendo cosas peque\u00f1as pueden cambiar el mundo\u00bb (Eduardo Galeano) noticias y comunicados m\u00e1s recientes","_links":{"self":[{"href":"https:\/\/afabonavista.es\/val\/wp-json\/wp\/v2\/pages\/842","targetHints":{"allow":["GET"]}}],"collection":[{"href":"https:\/\/afabonavista.es\/val\/wp-json\/wp\/v2\/pages"}],"about":[{"href":"https:\/\/afabonavista.es\/val\/wp-json\/wp\/v2\/types\/page"}],"author":[{"embeddable":true,"href":"https:\/\/afabonavista.es\/val\/wp-json\/wp\/v2\/users\/1"}],"replies":[{"embeddable":true,"href":"https:\/\/afabonavista.es\/val\/wp-json\/wp\/v2\/comments?post=842"}],"version-history":[{"count":129,"href":"https:\/\/afabonavista.es\/val\/wp-json\/wp\/v2\/pages\/842\/revisions"}],"predecessor-version":[{"id":3795,"href":"https:\/\/afabonavista.es\/val\/wp-json\/wp\/v2\/pages\/842\/revisions\/3795"}],"wp:featuredmedia":[{"embeddable":true,"href":"https:\/\/afabonavista.es\/val\/wp-json\/wp\/v2\/media\/2419"}],"wp:attachment":[{"href":"https:\/\/afabonavista.es\/val\/wp-json\/wp\/v2\/media?parent=842"}],"curies":[{"name":"wp","href":"https:\/\/api.w.org\/{rel}","templated":true}]}}