{"id":2477,"date":"2025-08-25T23:30:04","date_gmt":"2025-08-25T21:30:04","guid":{"rendered":"https:\/\/afabonavista.es\/?page_id=2477"},"modified":"2025-10-09T15:53:22","modified_gmt":"2025-10-09T13:53:22","slug":"quienes-somos","status":"publish","type":"page","link":"https:\/\/afabonavista.es\/val\/quienes-somos\/","title":{"rendered":"QUI SOM"},"content":{"rendered":"<figure class=\"wp-block-image size-large\"><img loading=\"lazy\" decoding=\"async\" width=\"1024\" height=\"35\" src=\"https:\/\/afabonavista.es\/wp-content\/uploads\/2025\/08\/white_space-1024x35.jpg\" alt=\"\" class=\"wp-image-2429\" srcset=\"https:\/\/afabonavista.es\/wp-content\/uploads\/2025\/08\/white_space-1024x35.jpg 1024w, https:\/\/afabonavista.es\/wp-content\/uploads\/2025\/08\/white_space-300x10.jpg 300w, https:\/\/afabonavista.es\/wp-content\/uploads\/2025\/08\/white_space-768x26.jpg 768w, https:\/\/afabonavista.es\/wp-content\/uploads\/2025\/08\/white_space-1320x45.jpg 1320w, https:\/\/afabonavista.es\/wp-content\/uploads\/2025\/08\/white_space-600x21.jpg 600w, https:\/\/afabonavista.es\/wp-content\/uploads\/2025\/08\/white_space.jpg 1456w\" sizes=\"auto, (max-width: 1024px) 100vw, 1024px\" \/><\/figure>\n\n\n\n<div class=\"wp-block-uagb-advanced-heading uagb-block-7c748753\"><h2 class=\"uagb-heading-text\">Qui Som<\/h2><\/div>\n\n\n\n<figure class=\"wp-block-image size-large\"><img loading=\"lazy\" decoding=\"async\" width=\"1024\" height=\"35\" src=\"https:\/\/afabonavista.es\/wp-content\/uploads\/2025\/08\/white_space-1024x35.jpg\" alt=\"\" class=\"wp-image-2429\" srcset=\"https:\/\/afabonavista.es\/wp-content\/uploads\/2025\/08\/white_space-1024x35.jpg 1024w, https:\/\/afabonavista.es\/wp-content\/uploads\/2025\/08\/white_space-300x10.jpg 300w, https:\/\/afabonavista.es\/wp-content\/uploads\/2025\/08\/white_space-768x26.jpg 768w, https:\/\/afabonavista.es\/wp-content\/uploads\/2025\/08\/white_space-1320x45.jpg 1320w, https:\/\/afabonavista.es\/wp-content\/uploads\/2025\/08\/white_space-600x21.jpg 600w, https:\/\/afabonavista.es\/wp-content\/uploads\/2025\/08\/white_space.jpg 1456w\" sizes=\"auto, (max-width: 1024px) 100vw, 1024px\" \/><\/figure>\n\n\n\n<p><br><strong>Junta Directiva<\/strong><\/p>\n\n\n\n<div class=\"wp-block-uagb-image alignright uagb-block-6285980e wp-block-uagb-image--layout-default wp-block-uagb-image--effect-static wp-block-uagb-image--align-right\"><figure class=\"wp-block-uagb-image__figure\"><img decoding=\"async\" srcset=\"https:\/\/afabonavista.es\/wp-content\/uploads\/2025\/09\/directiva-ok-1024x576.jpg ,https:\/\/afabonavista.es\/wp-content\/uploads\/2025\/09\/directiva-ok.jpg 780w, https:\/\/afabonavista.es\/wp-content\/uploads\/2025\/09\/directiva-ok.jpg 360w\" sizes=\"auto, (max-width: 480px) 150px\" src=\"https:\/\/afabonavista.es\/wp-content\/uploads\/2025\/09\/directiva-ok-1024x576.jpg\" alt=\"\" class=\"uag-image-3342\" width=\"730\" height=\"405\" title=\"directiva ok\" loading=\"lazy\" role=\"img\"\/><\/figure><\/div>\n\n\n\n<p id=\"block-5bd51d7f-a760-463d-a4d9-ef948db5d838\"><strong>Presidenta:<\/strong> J\u00e9ssica Rodr\u00edguez<\/p>\n\n\n\n<p id=\"block-964ef44b-5b12-4589-a5e5-b769cc1a6cb0\"><strong>Vicepresidenta:<\/strong> Maria Escriv\u00e0<\/p>\n\n\n\n<p id=\"block-8a22bda1-f485-4977-8552-8f78f41265b0\"><strong>Tresorera:<\/strong> Sara Garc\u00eda<\/p>\n\n\n\n<p id=\"block-5c970d43-04c4-4676-9e65-3991322c0820\"><strong>Secret\u00e0ria:<\/strong> Mireia Aguilar<\/p>\n\n\n\n<p id=\"block-810e7b44-c2dd-43be-9fdd-7cd63e3329f9\"><strong>Vicesecret\u00e0ria i representant de l\u2019AFA\n al Consell Escolar:<\/strong> Amparo Pe\u00f1aranda<\/p>\n\n\n\n<p id=\"block-528d7a52-099c-47b0-82fc-a176eaf63934\"><strong>Vocals:<\/strong> Marif\u00e9 Cano, Pilar N\u00e1cher, Marina Mangas, Pilar Lacasa<\/p>\n\n\n\n<p id=\"block-e1e9080c-af8d-4b19-bd7b-a22a18609fd5\"><\/p>\n\n\n\n<figure class=\"wp-block-image\" id=\"block-3052c28b-ffe4-441b-ad9d-421d4b48f364\"><img decoding=\"async\" src=\"https:\/\/afabonavista.es\/wp-content\/uploads\/2025\/08\/white_space-1024x35.jpg\" alt=\"La imagen tiene un atributo ALT vac\u00edo; su nombre de archivo es white_space-1024x35.jpg\"\/><\/figure>\n\n\n\n<figure class=\"wp-block-image\" id=\"block-864fe2c7-ec39-4780-a364-44643d5d0791\"><img decoding=\"async\" src=\"https:\/\/afabonavista.es\/wp-content\/uploads\/2025\/08\/white_space-1024x35.jpg\" alt=\"La imagen tiene un atributo ALT vac\u00edo; su nombre de archivo es white_space-1024x35.jpg\"\/><\/figure>\n\n\n\n<figure class=\"wp-block-image size-large\"><img loading=\"lazy\" decoding=\"async\" width=\"1024\" height=\"35\" src=\"https:\/\/afabonavista.es\/wp-content\/uploads\/2025\/08\/white_space-1024x35.jpg\" alt=\"\" class=\"wp-image-2429\" srcset=\"https:\/\/afabonavista.es\/wp-content\/uploads\/2025\/08\/white_space-1024x35.jpg 1024w, https:\/\/afabonavista.es\/wp-content\/uploads\/2025\/08\/white_space-300x10.jpg 300w, https:\/\/afabonavista.es\/wp-content\/uploads\/2025\/08\/white_space-768x26.jpg 768w, https:\/\/afabonavista.es\/wp-content\/uploads\/2025\/08\/white_space-1320x45.jpg 1320w, https:\/\/afabonavista.es\/wp-content\/uploads\/2025\/08\/white_space-600x21.jpg 600w, https:\/\/afabonavista.es\/wp-content\/uploads\/2025\/08\/white_space.jpg 1456w\" sizes=\"auto, (max-width: 1024px) 100vw, 1024px\" \/><\/figure>\n\n\n\n<p class=\"has-ast-global-color-0-color has-text-color has-link-color has-x-large-font-size wp-elements-b07d911776b9394bb6d0540c0557378a\" id=\"block-15a00da4-438e-4c2a-a420-b015b8bf03f2\">Comisions<\/p>\n\n\n\n<div class=\"wp-block-columns is-layout-flex wp-container-core-columns-is-layout-28f84493 wp-block-columns-is-layout-flex\">\n<div class=\"wp-block-column is-layout-flow wp-block-column-is-layout-flow\">\n<div class=\"wp-block-uagb-info-box uagb-block-b3877cae uagb-infobox__content-wrap  uagb-infobox-icon-above-title uagb-infobox-image-valign-top\"><div class=\"uagb-ifb-content\"><div class=\"uagb-ifb-title-wrap\"><h3 class=\"uagb-ifb-title\">Econ\u00f2mica<\/h3><\/div><div class=\"uagb-ifb-separator\"><\/div><p class=\"uagb-ifb-desc\">Gestiona el pressupost de la AFA, controla ingressos i despeses, i rendix comptes amb total transpar\u00e8ncia davant dels fam\u00edlies.<\/p><\/div><\/div>\n<\/div>\n\n\n\n<div class=\"wp-block-column is-layout-flow wp-block-column-is-layout-flow\">\n<div class=\"wp-block-uagb-info-box uagb-block-cba4811b uagb-infobox__content-wrap  uagb-infobox-icon-above-title uagb-infobox-image-valign-top\"><div class=\"uagb-ifb-content\"><div class=\"uagb-ifb-title-wrap\"><h3 class=\"uagb-ifb-title\">Comunicaci\u00f3<\/h3><\/div><div class=\"uagb-ifb-separator\"><\/div><p class=\"uagb-ifb-desc\">Gestiona la web, xarxes socials, correus informatius o missatges al watsap per a mantindre informades a les families sobre activitats, reunions i noticies del centre.<\/p><\/div><\/div>\n<\/div>\n\n\n\n<div class=\"wp-block-column is-layout-flow wp-block-column-is-layout-flow\">\n<div class=\"wp-block-uagb-info-box uagb-block-cae62d7b uagb-infobox__content-wrap  uagb-infobox-icon-above-title uagb-infobox-image-valign-top\"><div class=\"uagb-ifb-content\"><div class=\"uagb-ifb-title-wrap\"><h3 class=\"uagb-ifb-title\">Festes i Conviv\u00e8ncia<\/h3><\/div><div class=\"uagb-ifb-separator\"><\/div><p class=\"uagb-ifb-desc\">Organitza esdeveniments festius i de conviv\u00e8ncia com la festa de fi de curs, carnestoltes,  falles, festa de la primavera, etc. promovent la trobada entre fam\u00edlies i l\u2019alumnat.<\/p><\/div><\/div>\n<\/div>\n<\/div>\n\n\n\n<figure class=\"wp-block-image is-resized\" id=\"block-dd2ec34c-9dff-4a1f-9de2-6048c9402a79\"><img decoding=\"async\" src=\"https:\/\/afabonavista.es\/wp-content\/uploads\/2025\/08\/white_space-1024x35.jpg\" alt=\"La imagen tiene un atributo ALT vac\u00edo; su nombre de archivo es white_space-1024x35.jpg\" style=\"width:585px;height:auto\"\/><\/figure>\n\n\n\n<div class=\"wp-block-columns is-layout-flex wp-container-core-columns-is-layout-28f84493 wp-block-columns-is-layout-flex\">\n<div class=\"wp-block-column is-layout-flow wp-block-column-is-layout-flow\">\n<div class=\"wp-block-uagb-info-box uagb-block-e15941b1 uagb-infobox__content-wrap  uagb-infobox-icon-above-title uagb-infobox-image-valign-top\"><div class=\"uagb-ifb-content\"><div class=\"uagb-ifb-title-wrap\"><h3 class=\"uagb-ifb-title\">Conciliaci\u00f3 i Extraescolars<\/h3><\/div><div class=\"uagb-ifb-separator\"><\/div><p class=\"uagb-ifb-desc\">Gestiona una oferta d\u2019extraescolars variada i inclusiva que enriquisca a l'alumnat i afavorisca la conciliaci\u00f3 familiar.<\/p><\/div><\/div>\n<\/div>\n\n\n\n<div class=\"wp-block-column is-layout-flow wp-block-column-is-layout-flow\">\n<div class=\"wp-block-uagb-info-box uagb-block-99e74715 uagb-infobox__content-wrap  uagb-infobox-icon-above-title uagb-infobox-image-valign-top\"><div class=\"uagb-ifb-content\"><div class=\"uagb-ifb-title-wrap\"><h3 class=\"uagb-ifb-title\">Diversitat, Coeducaci\u00f3 i Inclusi\u00f3<\/h3><\/div><div class=\"uagb-ifb-separator\"><\/div><p class=\"uagb-ifb-desc\">Promou una escola inclusiva, equitativa i oberta a tothom, que afavorisca la integraci\u00f3 de l\u2019alumnat amb NEAE i de fam\u00edlies nouvingudes, aix\u00ed com la igualtat de g\u00e8nere i el respecte als valors de conviv\u00e8ncia.<\/p><\/div><\/div>\n<\/div>\n<\/div>\n\n\n\n<figure class=\"wp-block-image size-large\"><img loading=\"lazy\" decoding=\"async\" width=\"1024\" height=\"35\" src=\"https:\/\/afabonavista.es\/wp-content\/uploads\/2025\/08\/white_space-1024x35.jpg\" alt=\"\" class=\"wp-image-2429\" srcset=\"https:\/\/afabonavista.es\/wp-content\/uploads\/2025\/08\/white_space-1024x35.jpg 1024w, https:\/\/afabonavista.es\/wp-content\/uploads\/2025\/08\/white_space-300x10.jpg 300w, https:\/\/afabonavista.es\/wp-content\/uploads\/2025\/08\/white_space-768x26.jpg 768w, https:\/\/afabonavista.es\/wp-content\/uploads\/2025\/08\/white_space-1320x45.jpg 1320w, https:\/\/afabonavista.es\/wp-content\/uploads\/2025\/08\/white_space-600x21.jpg 600w, https:\/\/afabonavista.es\/wp-content\/uploads\/2025\/08\/white_space.jpg 1456w\" sizes=\"auto, (max-width: 1024px) 100vw, 1024px\" \/><\/figure>\n\n\n\n<p class=\"has-large-font-size\" id=\"block-b3452b08-01d3-4f63-ad2b-8cb2288a1e65\">Delegats AFA<\/p>\n\n\n\n<div class=\"wp-block-uagb-container uagb-block-832792c9 alignfull uagb-is-root-container\"><div class=\"uagb-container-inner-blocks-wrap\">\n<div class=\"wp-block-uagb-container uagb-block-f70c508b\">\n<div class=\"wp-block-uagb-info-box uagb-block-7485aa4e uagb-infobox__content-wrap  uagb-infobox-icon-above-title uagb-infobox-image-valign-top\"><div class=\"uagb-ifb-content\"><div class=\"uagb-ifb-title-wrap\"><h3 class=\"uagb-ifb-title\">1r Infantil<\/h3><\/div><p class=\"uagb-ifb-desc\">Pendent d'assignaci\u00f3<\/p><\/div><\/div>\n<\/div>\n\n\n\n<div class=\"wp-block-uagb-container uagb-block-9a6e8883\">\n<div class=\"wp-block-uagb-info-box uagb-block-362bbc31 uagb-infobox__content-wrap  uagb-infobox-icon-above-title uagb-infobox-image-valign-top\"><div class=\"uagb-ifb-content\"><div class=\"uagb-ifb-title-wrap\"><h3 class=\"uagb-ifb-title\">2n Infantil<\/h3><\/div><p class=\"uagb-ifb-desc\">Pendent d'assignaci\u00f3<\/p><\/div><\/div>\n<\/div>\n\n\n\n<div class=\"wp-block-uagb-container uagb-block-75ab2aa3\">\n<div class=\"wp-block-uagb-info-box uagb-block-874e6058 uagb-infobox__content-wrap  uagb-infobox-icon-above-title uagb-infobox-image-valign-top\"><div class=\"uagb-ifb-content\"><div class=\"uagb-ifb-title-wrap\"><h3 class=\"uagb-ifb-title\">3r Infantil<\/h3><\/div><p class=\"uagb-ifb-desc\">Pendent d'assignaci\u00f3<\/p><\/div><\/div>\n<\/div>\n<\/div><\/div>\n\n\n\n<div class=\"wp-block-uagb-container uagb-block-6b3184fa alignfull uagb-is-root-container\"><div class=\"uagb-container-inner-blocks-wrap\">\n<div class=\"wp-block-uagb-container uagb-block-79bfbffd\">\n<div class=\"wp-block-uagb-info-box uagb-block-3f251a75 uagb-infobox__content-wrap  uagb-infobox-icon-above-title uagb-infobox-image-valign-top\"><div class=\"uagb-ifb-content\"><div class=\"uagb-ifb-title-wrap\"><h3 class=\"uagb-ifb-title\">1r Prim\u00e0ria<\/h3><\/div><p class=\"uagb-ifb-desc\">Pendent d'assignaci\u00f3<\/p><\/div><\/div>\n<\/div>\n\n\n\n<div class=\"wp-block-uagb-container uagb-block-dc366e1d\">\n<div class=\"wp-block-uagb-info-box uagb-block-bf96c9e5 uagb-infobox__content-wrap  uagb-infobox-icon-above-title uagb-infobox-image-valign-top\"><div class=\"uagb-ifb-content\"><div class=\"uagb-ifb-title-wrap\"><h3 class=\"uagb-ifb-title\">2n Prim\u00e0ria<\/h3><\/div><p class=\"uagb-ifb-desc\">Pendent d'assignaci\u00f3<\/p><\/div><\/div>\n<\/div>\n\n\n\n<div class=\"wp-block-uagb-container uagb-block-1c218334\">\n<div class=\"wp-block-uagb-info-box uagb-block-b0f40936 uagb-infobox__content-wrap  uagb-infobox-icon-above-title uagb-infobox-image-valign-top\"><div class=\"uagb-ifb-content\"><div class=\"uagb-ifb-title-wrap\"><h3 class=\"uagb-ifb-title\">3r Prim\u00e0ria<\/h3><\/div><p class=\"uagb-ifb-desc\">Pendent d'assignaci\u00f3<\/p><\/div><\/div>\n<\/div>\n<\/div><\/div>\n\n\n\n<div class=\"wp-block-uagb-container uagb-block-2a6e7968 alignfull uagb-is-root-container\"><div class=\"uagb-container-inner-blocks-wrap\">\n<div class=\"wp-block-uagb-container uagb-block-efb9a1d6\">\n<div class=\"wp-block-uagb-info-box uagb-block-4bafb920 uagb-infobox__content-wrap  uagb-infobox-icon-above-title uagb-infobox-image-valign-top\"><div class=\"uagb-ifb-content\"><div class=\"uagb-ifb-title-wrap\"><h3 class=\"uagb-ifb-title\">4t Prim\u00e0ria<\/h3><\/div><p class=\"uagb-ifb-desc\">Pendent d'assignaci\u00f3<\/p><\/div><\/div>\n<\/div>\n\n\n\n<div class=\"wp-block-uagb-container uagb-block-d05cb2f4\">\n<div class=\"wp-block-uagb-info-box uagb-block-91e9ecd2 uagb-infobox__content-wrap  uagb-infobox-icon-above-title uagb-infobox-image-valign-top\"><div class=\"uagb-ifb-content\"><div class=\"uagb-ifb-title-wrap\"><h3 class=\"uagb-ifb-title\">5\u00e9 Prim\u00e0ria<\/h3><\/div><p class=\"uagb-ifb-desc\">Pendent d'assignaci\u00f3 <\/p><\/div><\/div>\n<\/div>\n\n\n\n<div class=\"wp-block-uagb-container uagb-block-9f567ad5\">\n<div class=\"wp-block-uagb-info-box uagb-block-75db654b uagb-infobox__content-wrap  uagb-infobox-icon-above-title uagb-infobox-image-valign-top\"><div class=\"uagb-ifb-content\"><div class=\"uagb-ifb-title-wrap\"><h3 class=\"uagb-ifb-title\">6\u00e9 Prim\u00e0ria<\/h3><\/div><p class=\"uagb-ifb-desc\">Pendent d'assignaci\u00f3<\/p><\/div><\/div>\n<\/div>\n<\/div><\/div>\n\n\n\n<div class=\"wp-block-uagb-container uagb-block-46f83a57 alignfull uagb-is-root-container\"><div class=\"uagb-container-inner-blocks-wrap\"><\/div><\/div>","protected":false},"excerpt":{"rendered":"<p>Qui\u00e9nes somos Junta Directiva Presidenta: J\u00e9ssica Rodr\u00edguez Vicepresidenta: Maria Escriv\u00e0 Tesorera: Sara Garc\u00eda Secretaria: Mireia Aguilar Vicesecretaria i representante de la AFA al Consejo Escolar: Amparo Pe\u00f1aranda Vocales: Marif\u00e9 Cano, Pilar N\u00e1cher, Marina Mangas, Pilar Lacasa Comisiones Delegados AFA<\/p>","protected":false},"author":1,"featured_media":0,"parent":0,"menu_order":0,"comment_status":"closed","ping_status":"closed","template":"","meta":{"_uag_custom_page_level_css":"","site-sidebar-layout":"default","site-content-layout":"","ast-site-content-layout":"default","site-content-style":"unboxed","site-sidebar-style":"default","ast-global-header-display":"","ast-banner-title-visibility":"","ast-main-header-display":"","ast-hfb-above-header-display":"","ast-hfb-below-header-display":"","ast-hfb-mobile-header-display":"","site-post-title":"disabled","ast-breadcrumbs-content":"","ast-featured-img":"","footer-sml-layout":"","theme-transparent-header-meta":"","adv-header-id-meta":"","stick-header-meta":"","header-above-stick-meta":"","header-main-stick-meta":"","header-below-stick-meta":"","astra-migrate-meta-layouts":"set","ast-page-background-enabled":"default","ast-page-background-meta":{"desktop":{"background-color":"","background-image":"","background-repeat":"repeat","background-position":"center center","background-size":"auto","background-attachment":"scroll","background-type":"","background-media":"","overlay-type":"","overlay-color":"","overlay-opacity":"","overlay-gradient":""},"tablet":{"background-color":"","background-image":"","background-repeat":"repeat","background-position":"center center","background-size":"auto","background-attachment":"scroll","background-type":"","background-media":"","overlay-type":"","overlay-color":"","overlay-opacity":"","overlay-gradient":""},"mobile":{"background-color":"","background-image":"","background-repeat":"repeat","background-position":"center center","background-size":"auto","background-attachment":"scroll","background-type":"","background-media":"","overlay-type":"","overlay-color":"","overlay-opacity":"","overlay-gradient":""}},"ast-content-background-meta":{"desktop":{"background-color":"var(--ast-global-color-5)","background-image":"","background-repeat":"repeat","background-position":"center center","background-size":"auto","background-attachment":"scroll","background-type":"","background-media":"","overlay-type":"","overlay-color":"","overlay-opacity":"","overlay-gradient":""},"tablet":{"background-color":"var(--ast-global-color-5)","background-image":"","background-repeat":"repeat","background-position":"center center","background-size":"auto","background-attachment":"scroll","background-type":"","background-media":"","overlay-type":"","overlay-color":"","overlay-opacity":"","overlay-gradient":""},"mobile":{"background-color":"var(--ast-global-color-5)","background-image":"","background-repeat":"repeat","background-position":"center center","background-size":"auto","background-attachment":"scroll","background-type":"","background-media":"","overlay-type":"","overlay-color":"","overlay-opacity":"","overlay-gradient":""}},"footnotes":""},"class_list":["post-2477","page","type-page","status-publish","hentry"],"aioseo_notices":[],"_hostinger_reach_plugin_has_subscription_block":false,"_hostinger_reach_plugin_is_elementor":false,"uagb_featured_image_src":{"full":false,"thumbnail":false,"medium":false,"medium_large":false,"large":false,"1536x1536":false,"2048x2048":false,"trp-custom-language-flag":false,"mailpoet_newsletter_max":false,"woocommerce_thumbnail":false,"woocommerce_single":false,"woocommerce_gallery_thumbnail":false},"uagb_author_info":{"display_name":"AFA BONAVISTA","author_link":"https:\/\/afabonavista.es\/val\/author\/osrodpegmail-com\/"},"uagb_comment_info":0,"uagb_excerpt":"Qui\u00e9nes somos Junta Directiva Presidenta: J\u00e9ssica Rodr\u00edguez Vicepresidenta: Maria Escriv\u00e0 Tesorera: Sara Garc\u00eda Secretaria: Mireia Aguilar Vicesecretaria i representante de la AFA al Consejo Escolar: Amparo Pe\u00f1aranda Vocales: Marif\u00e9 Cano, Pilar N\u00e1cher, Marina Mangas, Pilar Lacasa Comisiones Delegados AFA","_links":{"self":[{"href":"https:\/\/afabonavista.es\/val\/wp-json\/wp\/v2\/pages\/2477","targetHints":{"allow":["GET"]}}],"collection":[{"href":"https:\/\/afabonavista.es\/val\/wp-json\/wp\/v2\/pages"}],"about":[{"href":"https:\/\/afabonavista.es\/val\/wp-json\/wp\/v2\/types\/page"}],"author":[{"embeddable":true,"href":"https:\/\/afabonavista.es\/val\/wp-json\/wp\/v2\/users\/1"}],"replies":[{"embeddable":true,"href":"https:\/\/afabonavista.es\/val\/wp-json\/wp\/v2\/comments?post=2477"}],"version-history":[{"count":24,"href":"https:\/\/afabonavista.es\/val\/wp-json\/wp\/v2\/pages\/2477\/revisions"}],"predecessor-version":[{"id":3846,"href":"https:\/\/afabonavista.es\/val\/wp-json\/wp\/v2\/pages\/2477\/revisions\/3846"}],"wp:attachment":[{"href":"https:\/\/afabonavista.es\/val\/wp-json\/wp\/v2\/media?parent=2477"}],"curies":[{"name":"wp","href":"https:\/\/api.w.org\/{rel}","templated":true}]}}