{"id":2474,"date":"2025-08-25T23:26:05","date_gmt":"2025-08-25T21:26:05","guid":{"rendered":"https:\/\/afabonavista.es\/?page_id=2474"},"modified":"2025-10-09T15:40:25","modified_gmt":"2025-10-09T13:40:25","slug":"principios-afa","status":"publish","type":"page","link":"https:\/\/afabonavista.es\/val\/principios-afa\/","title":{"rendered":"PRINCIPIS"},"content":{"rendered":"<figure class=\"wp-block-image size-large\"><img loading=\"lazy\" decoding=\"async\" width=\"1024\" height=\"35\" src=\"https:\/\/afabonavista.es\/wp-content\/uploads\/2025\/08\/white_space-1024x35.jpg\" alt=\"\" class=\"wp-image-2429\" srcset=\"https:\/\/afabonavista.es\/wp-content\/uploads\/2025\/08\/white_space-1024x35.jpg 1024w, https:\/\/afabonavista.es\/wp-content\/uploads\/2025\/08\/white_space-300x10.jpg 300w, https:\/\/afabonavista.es\/wp-content\/uploads\/2025\/08\/white_space-768x26.jpg 768w, https:\/\/afabonavista.es\/wp-content\/uploads\/2025\/08\/white_space-1320x45.jpg 1320w, https:\/\/afabonavista.es\/wp-content\/uploads\/2025\/08\/white_space-600x21.jpg 600w, https:\/\/afabonavista.es\/wp-content\/uploads\/2025\/08\/white_space.jpg 1456w\" sizes=\"auto, (max-width: 1024px) 100vw, 1024px\" \/><\/figure>\n\n\n\n<div class=\"wp-block-uagb-advanced-heading uagb-block-a66df609\"><h2 class=\"uagb-heading-text\">Principis<\/h2><\/div>\n\n\n\n<figure class=\"wp-block-image size-large\"><img loading=\"lazy\" decoding=\"async\" width=\"1024\" height=\"35\" src=\"https:\/\/afabonavista.es\/wp-content\/uploads\/2025\/08\/white_space-1024x35.jpg\" alt=\"\" class=\"wp-image-2429\" srcset=\"https:\/\/afabonavista.es\/wp-content\/uploads\/2025\/08\/white_space-1024x35.jpg 1024w, https:\/\/afabonavista.es\/wp-content\/uploads\/2025\/08\/white_space-300x10.jpg 300w, https:\/\/afabonavista.es\/wp-content\/uploads\/2025\/08\/white_space-768x26.jpg 768w, https:\/\/afabonavista.es\/wp-content\/uploads\/2025\/08\/white_space-1320x45.jpg 1320w, https:\/\/afabonavista.es\/wp-content\/uploads\/2025\/08\/white_space-600x21.jpg 600w, https:\/\/afabonavista.es\/wp-content\/uploads\/2025\/08\/white_space.jpg 1456w\" sizes=\"auto, (max-width: 1024px) 100vw, 1024px\" \/><\/figure>\n\n\n\n<p>AFA Bonavista \u00e9s una associaci\u00f3 sense \u00e0nim de lucre formada per les fam\u00edlies del CEIP Bonavista d'Alaqu\u00e0s. El nostre objectiu principal \u00e9s representar els interessos de les fam\u00edlies dins del centre i contribuir activament a la millora de l'educaci\u00f3 dels nostres fills i filles.<\/p>\n\n\n\n<p>Des de la Junta Directiva, comencem aquest projecte amb il\u00b7lusi\u00f3 i responsabilitat, i amb el comprom\u00eds ferm de treballar bra\u00e7 a bra\u00e7 amb l'equip docent i l'equip directiu del centre. <\/p>\n\n\n\n<p>Creiem que l'escola i les fam\u00edlies formem part d'un mateix arbre viu, on les arrels s\u00f3n els valors compartits, el tronc \u00e9s la comunitat educativa que ens sost\u00e9, i les branques s\u00f3n els projectes, vincles i aprenentatges que fan cr\u00e9ixer als nostres xiquets. Aquest arbre nom\u00e9s pot cr\u00e9ixer fort i sa si ho alimentem entre totes i tots amb valors s\u00f2lids:<\/p>\n\n\n\n<p>-INCLUSI\u00d3: Cada branca t\u00e9 el seu lloc. Totes les veus s\u00f3n importants, i defensem una escola que respecta la diversitat i garanteix que ning\u00fa es quede arrere.<br>-IGUALTAT: Com cada fulla rep la mateixa llum, tamb\u00e9 creiem en una participaci\u00f3 equitativa per a totes les fam\u00edlies.<br>-TRANSPAR\u00c8NCIA: El nostre comprom\u00eds \u00e9s actuar amb claredat i honestedat, com un arbre que mostra les seues fulles sense ocultar res, mantenint una comunicaci\u00f3 oberta i fluida amb tothom.<br>-COL\u00b7LABORACI\u00d3: Sabem que nom\u00e9s regant aquest arbre entre fam\u00edlies, mestres i equip directiu, aconseguirem que cresca fort, i de fruits que beneficien en tota la comunitat educativa.<\/p>\n\n\n\n<p>Amb aquests valors com a base, continuarem sembrant iniciatives, activitats i espais de trobada que afavorisquen el benestar i l'aprenentatge dels nostres fills i filles.<\/p>\n\n\n\n<p>Equip directiu AFA Bonavista.<\/p>\n\n\n\n<div class=\"wp-block-uagb-image aligncenter uagb-block-b459ee88 wp-block-uagb-image--layout-default wp-block-uagb-image--effect-static wp-block-uagb-image--align-center\"><figure class=\"wp-block-uagb-image__figure\"><img decoding=\"async\" srcset=\"https:\/\/afabonavista.es\/wp-content\/uploads\/2025\/09\/463296930_8751046381613269_2806829995670003125_n-1024x724.jpg ,https:\/\/afabonavista.es\/wp-content\/uploads\/2025\/09\/463296930_8751046381613269_2806829995670003125_n.jpg 780w, https:\/\/afabonavista.es\/wp-content\/uploads\/2025\/09\/463296930_8751046381613269_2806829995670003125_n.jpg 360w\" sizes=\"auto, (max-width: 480px) 150px\" src=\"https:\/\/afabonavista.es\/wp-content\/uploads\/2025\/09\/463296930_8751046381613269_2806829995670003125_n-1024x724.jpg\" alt=\"\" class=\"uag-image-3359\" width=\"1600\" height=\"1131\" title=\"463296930_8751046381613269_2806829995670003125_n\" loading=\"lazy\" role=\"img\"\/><\/figure><\/div>\n\n\n\n<figure class=\"wp-block-image size-large\"><img decoding=\"async\" src=\"https:\/\/afabonavista.es\/wp-content\/uploads\/2025\/08\/white_space-1024x35.jpg\" alt=\"\" class=\"wp-image-438\"\/><\/figure>\n\n\n\n<p><\/p>","protected":false},"excerpt":{"rendered":"<p>Principios AFA Bonavista es una asociaci\u00f3n sin \u00e1nimo de lucro formada por las familias del CEIP Bonavista de Alaqu\u00e0s. Nuestro objetivo principal es representar los intereses de las familias dentro del centro y contribuir activamente a la mejora de la educaci\u00f3n de nuestros hijos e hijas. Desde la Junta Directiva, comenzamos este proyecto con ilusi\u00f3n [&hellip;]<\/p>","protected":false},"author":1,"featured_media":0,"parent":0,"menu_order":0,"comment_status":"closed","ping_status":"closed","template":"","meta":{"_uag_custom_page_level_css":"","site-sidebar-layout":"default","site-content-layout":"","ast-site-content-layout":"default","site-content-style":"unboxed","site-sidebar-style":"default","ast-global-header-display":"","ast-banner-title-visibility":"","ast-main-header-display":"","ast-hfb-above-header-display":"","ast-hfb-below-header-display":"","ast-hfb-mobile-header-display":"","site-post-title":"disabled","ast-breadcrumbs-content":"","ast-featured-img":"","footer-sml-layout":"","theme-transparent-header-meta":"","adv-header-id-meta":"","stick-header-meta":"","header-above-stick-meta":"","header-main-stick-meta":"","header-below-stick-meta":"","astra-migrate-meta-layouts":"set","ast-page-background-enabled":"default","ast-page-background-meta":{"desktop":{"background-color":"","background-image":"","background-repeat":"repeat","background-position":"center center","background-size":"auto","background-attachment":"scroll","background-type":"","background-media":"","overlay-type":"","overlay-color":"","overlay-opacity":"","overlay-gradient":""},"tablet":{"background-color":"","background-image":"","background-repeat":"repeat","background-position":"center center","background-size":"auto","background-attachment":"scroll","background-type":"","background-media":"","overlay-type":"","overlay-color":"","overlay-opacity":"","overlay-gradient":""},"mobile":{"background-color":"","background-image":"","background-repeat":"repeat","background-position":"center center","background-size":"auto","background-attachment":"scroll","background-type":"","background-media":"","overlay-type":"","overlay-color":"","overlay-opacity":"","overlay-gradient":""}},"ast-content-background-meta":{"desktop":{"background-color":"var(--ast-global-color-5)","background-image":"","background-repeat":"repeat","background-position":"center center","background-size":"auto","background-attachment":"scroll","background-type":"","background-media":"","overlay-type":"","overlay-color":"","overlay-opacity":"","overlay-gradient":""},"tablet":{"background-color":"var(--ast-global-color-5)","background-image":"","background-repeat":"repeat","background-position":"center center","background-size":"auto","background-attachment":"scroll","background-type":"","background-media":"","overlay-type":"","overlay-color":"","overlay-opacity":"","overlay-gradient":""},"mobile":{"background-color":"var(--ast-global-color-5)","background-image":"","background-repeat":"repeat","background-position":"center center","background-size":"auto","background-attachment":"scroll","background-type":"","background-media":"","overlay-type":"","overlay-color":"","overlay-opacity":"","overlay-gradient":""}},"footnotes":""},"class_list":["post-2474","page","type-page","status-publish","hentry"],"aioseo_notices":[],"_hostinger_reach_plugin_has_subscription_block":false,"_hostinger_reach_plugin_is_elementor":false,"uagb_featured_image_src":{"full":false,"thumbnail":false,"medium":false,"medium_large":false,"large":false,"1536x1536":false,"2048x2048":false,"trp-custom-language-flag":false,"mailpoet_newsletter_max":false,"woocommerce_thumbnail":false,"woocommerce_single":false,"woocommerce_gallery_thumbnail":false},"uagb_author_info":{"display_name":"AFA BONAVISTA","author_link":"https:\/\/afabonavista.es\/val\/author\/osrodpegmail-com\/"},"uagb_comment_info":0,"uagb_excerpt":"Principios AFA Bonavista es una asociaci\u00f3n sin \u00e1nimo de lucro formada por las familias del CEIP Bonavista de Alaqu\u00e0s. Nuestro objetivo principal es representar los intereses de las familias dentro del centro y contribuir activamente a la mejora de la educaci\u00f3n de nuestros hijos e hijas. Desde la Junta Directiva, comenzamos este proyecto con ilusi\u00f3n&hellip;","_links":{"self":[{"href":"https:\/\/afabonavista.es\/val\/wp-json\/wp\/v2\/pages\/2474","targetHints":{"allow":["GET"]}}],"collection":[{"href":"https:\/\/afabonavista.es\/val\/wp-json\/wp\/v2\/pages"}],"about":[{"href":"https:\/\/afabonavista.es\/val\/wp-json\/wp\/v2\/types\/page"}],"author":[{"embeddable":true,"href":"https:\/\/afabonavista.es\/val\/wp-json\/wp\/v2\/users\/1"}],"replies":[{"embeddable":true,"href":"https:\/\/afabonavista.es\/val\/wp-json\/wp\/v2\/comments?post=2474"}],"version-history":[{"count":7,"href":"https:\/\/afabonavista.es\/val\/wp-json\/wp\/v2\/pages\/2474\/revisions"}],"predecessor-version":[{"id":3841,"href":"https:\/\/afabonavista.es\/val\/wp-json\/wp\/v2\/pages\/2474\/revisions\/3841"}],"wp:attachment":[{"href":"https:\/\/afabonavista.es\/val\/wp-json\/wp\/v2\/media?parent=2474"}],"curies":[{"name":"wp","href":"https:\/\/api.w.org\/{rel}","templated":true}]}}