{"id":2459,"date":"2025-08-25T23:17:53","date_gmt":"2025-08-25T21:17:53","guid":{"rendered":"https:\/\/afabonavista.es\/?page_id=2459"},"modified":"2026-01-12T17:01:46","modified_gmt":"2026-01-12T15:01:46","slug":"extraescolares","status":"publish","type":"page","link":"https:\/\/afabonavista.es\/val\/extraescolares\/","title":{"rendered":"EXTRAESCOLARS"},"content":{"rendered":"<figure class=\"wp-block-image size-large\"><img loading=\"lazy\" decoding=\"async\" width=\"1024\" height=\"35\" src=\"https:\/\/afabonavista.es\/wp-content\/uploads\/2025\/08\/white_space-1024x35.jpg\" alt=\"\" class=\"wp-image-2429\" srcset=\"https:\/\/afabonavista.es\/wp-content\/uploads\/2025\/08\/white_space-1024x35.jpg 1024w, https:\/\/afabonavista.es\/wp-content\/uploads\/2025\/08\/white_space-300x10.jpg 300w, https:\/\/afabonavista.es\/wp-content\/uploads\/2025\/08\/white_space-768x26.jpg 768w, https:\/\/afabonavista.es\/wp-content\/uploads\/2025\/08\/white_space-1320x45.jpg 1320w, https:\/\/afabonavista.es\/wp-content\/uploads\/2025\/08\/white_space-600x21.jpg 600w, https:\/\/afabonavista.es\/wp-content\/uploads\/2025\/08\/white_space.jpg 1456w\" sizes=\"auto, (max-width: 1024px) 100vw, 1024px\" \/><\/figure>\n\n\n\n<div class=\"wp-block-uagb-advanced-heading uagb-block-16a77ce2\"><h2 class=\"uagb-heading-text\">Extraescolars<\/h2><\/div>\n\n\n\n<figure class=\"wp-block-image size-large\"><img loading=\"lazy\" decoding=\"async\" width=\"1024\" height=\"35\" src=\"https:\/\/afabonavista.es\/wp-content\/uploads\/2025\/08\/white_space-1024x35.jpg\" alt=\"\" class=\"wp-image-2429\" srcset=\"https:\/\/afabonavista.es\/wp-content\/uploads\/2025\/08\/white_space-1024x35.jpg 1024w, https:\/\/afabonavista.es\/wp-content\/uploads\/2025\/08\/white_space-300x10.jpg 300w, https:\/\/afabonavista.es\/wp-content\/uploads\/2025\/08\/white_space-768x26.jpg 768w, https:\/\/afabonavista.es\/wp-content\/uploads\/2025\/08\/white_space-1320x45.jpg 1320w, https:\/\/afabonavista.es\/wp-content\/uploads\/2025\/08\/white_space-600x21.jpg 600w, https:\/\/afabonavista.es\/wp-content\/uploads\/2025\/08\/white_space.jpg 1456w\" sizes=\"auto, (max-width: 1024px) 100vw, 1024px\" \/><\/figure>\n\n\n\n<p>Des de AFA Bonavista gestionem les activitats extraescolars amb l'objectiu d'ajudar a conciliar la vida familiar amb la vida laboral mitjan\u00e7ant l'ampliaci\u00f3 de la jornada escolar.<\/p>\n\n\n\n<p>Les activitats extraescolars s\u00f3n volunt\u00e0ries i no avaluables. La seua finalitat \u00e9s complementar la formaci\u00f3 acad\u00e8mica de l'alumnat.<\/p>\n\n\n\n<p><\/p>\n\n\n\n<p>Per a aquest curs 2025_26 comptem amb dues empreses col\u00b7laboradores: HAPPY DAYS I EUREKA. <\/p>\n\n\n\n<figure class=\"wp-block-image size-large\"><img loading=\"lazy\" decoding=\"async\" width=\"1024\" height=\"35\" src=\"https:\/\/afabonavista.es\/wp-content\/uploads\/2025\/08\/white_space-1024x35.jpg\" alt=\"\" class=\"wp-image-2429\" srcset=\"https:\/\/afabonavista.es\/wp-content\/uploads\/2025\/08\/white_space-1024x35.jpg 1024w, https:\/\/afabonavista.es\/wp-content\/uploads\/2025\/08\/white_space-300x10.jpg 300w, https:\/\/afabonavista.es\/wp-content\/uploads\/2025\/08\/white_space-768x26.jpg 768w, https:\/\/afabonavista.es\/wp-content\/uploads\/2025\/08\/white_space-1320x45.jpg 1320w, https:\/\/afabonavista.es\/wp-content\/uploads\/2025\/08\/white_space-600x21.jpg 600w, https:\/\/afabonavista.es\/wp-content\/uploads\/2025\/08\/white_space.jpg 1456w\" sizes=\"auto, (max-width: 1024px) 100vw, 1024px\" \/><\/figure>\n\n\n\n<div class=\"wp-block-uagb-info-box uagb-block-cba5aad6 uagb-infobox__content-wrap  uagb-infobox-icon-above-title uagb-infobox-image-valign-top\"><div class=\"uagb-ifb-content\"><div class=\"uagb-ifb-title-wrap\"><h3 class=\"uagb-ifb-title\">Happy Days<\/h3><\/div><p class=\"uagb-ifb-desc\"><br><strong>Desde enero de 2026 la extraescolar de Ingl\u00e9s con Happy Days se ha suspendido por dificultades en la gesti\u00f3n <\/strong>por parte de la empresa. Desde la AFA Bonavista sabemos que la formaci\u00f3n en ingl\u00e9s en muy demandada por parte de las familias por lo que desde la asociaci\u00f3n trabajaremos en nuevas propuestas de cara al pr\u00f3ximo curso.<br><br><br><\/p><\/div><\/div>\n\n\n\n<div class=\"wp-block-uagb-info-box uagb-block-94f41881 uagb-infobox__content-wrap  uagb-infobox-icon-above-title uagb-infobox-image-valign-top\"><div class=\"uagb-ifb-content\"><div class=\"uagb-ifb-title-wrap\"><h3 class=\"uagb-ifb-title\">Grup Eureka<\/h3><\/div><p class=\"uagb-ifb-desc\"><br><strong>Empresa amb m\u00e9s de deu anys en el sector educatiu. Ofereixen activitats variades adaptades a les quals combinen diversi\u00f3 i aprenentatge<\/strong> (esportives, art\u00edstiques, activitats esportives, art\u00edstiques, tecnol\u00f2giques, i culturals). <br>El nostre equip de monitors qualificats garanteix un ambient segur, motivador i enriquidor per als xiquets i xiquetes.<br><br>Contacte: 960055987 \u2013 677389265 <br><br> <a href=\"mailto:extraescolares@grupoeureka.net\" target=\"_blank\" rel=\"noreferrer noopener\">extraescolares@grupoeureka.net<\/a><br><\/p><\/div><\/div>\n\n\n\n<div data-wp-interactive=\"core\/file\" class=\"wp-block-file\"><object data-wp-bind--hidden=\"!state.hasPdfPreview\" hidden class=\"wp-block-file__embed\" data=\"https:\/\/afabonavista.es\/wp-content\/uploads\/2025\/08\/EUREKA.pdf\" type=\"application\/pdf\" style=\"width:100%;height:600px\" aria-label=\"Embed of EUREKA.\"><\/object><a id=\"wp-block-file--media-45b2fa0e-54a4-4140-9400-4c4282d5eae7\" href=\"https:\/\/afabonavista.es\/wp-content\/uploads\/2025\/08\/EUREKA.pdf\">EUREKA<\/a><a href=\"https:\/\/afabonavista.es\/wp-content\/uploads\/2025\/08\/EUREKA.pdf\" class=\"wp-block-file__button wp-element-button\" download aria-describedby=\"wp-block-file--media-45b2fa0e-54a4-4140-9400-4c4282d5eae7\">Desc\u00e0rrega<\/a><\/div>\n\n\n\n<figure class=\"wp-block-image size-large\"><img loading=\"lazy\" decoding=\"async\" width=\"1024\" height=\"35\" src=\"https:\/\/afabonavista.es\/wp-content\/uploads\/2025\/08\/white_space-1024x35.jpg\" alt=\"\" class=\"wp-image-2429\" srcset=\"https:\/\/afabonavista.es\/wp-content\/uploads\/2025\/08\/white_space-1024x35.jpg 1024w, https:\/\/afabonavista.es\/wp-content\/uploads\/2025\/08\/white_space-300x10.jpg 300w, https:\/\/afabonavista.es\/wp-content\/uploads\/2025\/08\/white_space-768x26.jpg 768w, https:\/\/afabonavista.es\/wp-content\/uploads\/2025\/08\/white_space-1320x45.jpg 1320w, https:\/\/afabonavista.es\/wp-content\/uploads\/2025\/08\/white_space-600x21.jpg 600w, https:\/\/afabonavista.es\/wp-content\/uploads\/2025\/08\/white_space.jpg 1456w\" sizes=\"auto, (max-width: 1024px) 100vw, 1024px\" \/><\/figure>\n\n\n\n<h2 class=\"wp-block-heading\">Horaris CEIP Bonavista 2025_26<\/h2>\n\n\n\n<div class=\"wp-block-uagb-image uagb-block-10c4d30f wp-block-uagb-image--layout-default wp-block-uagb-image--effect-static wp-block-uagb-image--align-none\"><figure class=\"wp-block-uagb-image__figure\"><img decoding=\"async\" srcset=\"https:\/\/afabonavista.es\/wp-content\/uploads\/2026\/01\/Captura-de-pantalla-2026-01-12-a-las-16.00.44-1024x424.png ,https:\/\/afabonavista.es\/wp-content\/uploads\/2026\/01\/Captura-de-pantalla-2026-01-12-a-las-16.00.44.png 780w, https:\/\/afabonavista.es\/wp-content\/uploads\/2026\/01\/Captura-de-pantalla-2026-01-12-a-las-16.00.44.png 360w\" sizes=\"auto, (max-width: 480px) 150px\" src=\"https:\/\/afabonavista.es\/wp-content\/uploads\/2026\/01\/Captura-de-pantalla-2026-01-12-a-las-16.00.44-1024x424.png\" alt=\"\" class=\"uag-image-3939\" width=\"1554\" height=\"652\" title=\"Captura de pantalla 2026-01-12 a las 16.00.44\" loading=\"lazy\" role=\"img\"\/><\/figure><\/div>\n\n\n\n<p><\/p>","protected":false},"excerpt":{"rendered":"<p>Extraescolares Desde AFA Bonavista gestionamos las actividades extraescolares con el objetivo de ayudar a conciliar la vida familiar con la vida laboral mediante la ampliaci\u00f3n de la jornada escolar. Las actividades extraescolares son voluntarias y no evaluables. Su finalidad es complementar la formaci\u00f3n acad\u00e9mica del alumnado. Para este curso 2025_26 contamos con dos empresas colaboradoras: [&hellip;]<\/p>","protected":false},"author":1,"featured_media":0,"parent":0,"menu_order":0,"comment_status":"closed","ping_status":"closed","template":"","meta":{"_uag_custom_page_level_css":"","site-sidebar-layout":"default","site-content-layout":"","ast-site-content-layout":"default","site-content-style":"unboxed","site-sidebar-style":"default","ast-global-header-display":"","ast-banner-title-visibility":"","ast-main-header-display":"","ast-hfb-above-header-display":"","ast-hfb-below-header-display":"","ast-hfb-mobile-header-display":"","site-post-title":"disabled","ast-breadcrumbs-content":"","ast-featured-img":"","footer-sml-layout":"","theme-transparent-header-meta":"","adv-header-id-meta":"","stick-header-meta":"","header-above-stick-meta":"","header-main-stick-meta":"","header-below-stick-meta":"","astra-migrate-meta-layouts":"set","ast-page-background-enabled":"default","ast-page-background-meta":{"desktop":{"background-color":"","background-image":"","background-repeat":"repeat","background-position":"center center","background-size":"auto","background-attachment":"scroll","background-type":"","background-media":"","overlay-type":"","overlay-color":"","overlay-opacity":"","overlay-gradient":""},"tablet":{"background-color":"","background-image":"","background-repeat":"repeat","background-position":"center center","background-size":"auto","background-attachment":"scroll","background-type":"","background-media":"","overlay-type":"","overlay-color":"","overlay-opacity":"","overlay-gradient":""},"mobile":{"background-color":"","background-image":"","background-repeat":"repeat","background-position":"center center","background-size":"auto","background-attachment":"scroll","background-type":"","background-media":"","overlay-type":"","overlay-color":"","overlay-opacity":"","overlay-gradient":""}},"ast-content-background-meta":{"desktop":{"background-color":"var(--ast-global-color-5)","background-image":"","background-repeat":"repeat","background-position":"center center","background-size":"auto","background-attachment":"scroll","background-type":"","background-media":"","overlay-type":"","overlay-color":"","overlay-opacity":"","overlay-gradient":""},"tablet":{"background-color":"var(--ast-global-color-5)","background-image":"","background-repeat":"repeat","background-position":"center center","background-size":"auto","background-attachment":"scroll","background-type":"","background-media":"","overlay-type":"","overlay-color":"","overlay-opacity":"","overlay-gradient":""},"mobile":{"background-color":"var(--ast-global-color-5)","background-image":"","background-repeat":"repeat","background-position":"center center","background-size":"auto","background-attachment":"scroll","background-type":"","background-media":"","overlay-type":"","overlay-color":"","overlay-opacity":"","overlay-gradient":""}},"footnotes":""},"class_list":["post-2459","page","type-page","status-publish","hentry"],"aioseo_notices":[],"_hostinger_reach_plugin_has_subscription_block":false,"_hostinger_reach_plugin_is_elementor":false,"uagb_featured_image_src":{"full":false,"thumbnail":false,"medium":false,"medium_large":false,"large":false,"1536x1536":false,"2048x2048":false,"trp-custom-language-flag":false,"mailpoet_newsletter_max":false,"woocommerce_thumbnail":false,"woocommerce_single":false,"woocommerce_gallery_thumbnail":false},"uagb_author_info":{"display_name":"AFA BONAVISTA","author_link":"https:\/\/afabonavista.es\/val\/author\/osrodpegmail-com\/"},"uagb_comment_info":0,"uagb_excerpt":"Extraescolares Desde AFA Bonavista gestionamos las actividades extraescolares con el objetivo de ayudar a conciliar la vida familiar con la vida laboral mediante la ampliaci\u00f3n de la jornada escolar. Las actividades extraescolares son voluntarias y no evaluables. Su finalidad es complementar la formaci\u00f3n acad\u00e9mica del alumnado. Para este curso 2025_26 contamos con dos empresas colaboradoras:&hellip;","_links":{"self":[{"href":"https:\/\/afabonavista.es\/val\/wp-json\/wp\/v2\/pages\/2459","targetHints":{"allow":["GET"]}}],"collection":[{"href":"https:\/\/afabonavista.es\/val\/wp-json\/wp\/v2\/pages"}],"about":[{"href":"https:\/\/afabonavista.es\/val\/wp-json\/wp\/v2\/types\/page"}],"author":[{"embeddable":true,"href":"https:\/\/afabonavista.es\/val\/wp-json\/wp\/v2\/users\/1"}],"replies":[{"embeddable":true,"href":"https:\/\/afabonavista.es\/val\/wp-json\/wp\/v2\/comments?post=2459"}],"version-history":[{"count":11,"href":"https:\/\/afabonavista.es\/val\/wp-json\/wp\/v2\/pages\/2459\/revisions"}],"predecessor-version":[{"id":3940,"href":"https:\/\/afabonavista.es\/val\/wp-json\/wp\/v2\/pages\/2459\/revisions\/3940"}],"wp:attachment":[{"href":"https:\/\/afabonavista.es\/val\/wp-json\/wp\/v2\/media?parent=2459"}],"curies":[{"name":"wp","href":"https:\/\/api.w.org\/{rel}","templated":true}]}}