{"id":2456,"date":"2025-08-25T23:14:58","date_gmt":"2025-08-25T21:14:58","guid":{"rendered":"https:\/\/afabonavista.es\/?page_id=2456"},"modified":"2026-02-24T06:02:11","modified_gmt":"2026-02-24T04:02:11","slug":"documentacion","status":"publish","type":"page","link":"https:\/\/afabonavista.es\/val\/documentacion\/","title":{"rendered":"DOCUMENTACI\u00d3"},"content":{"rendered":"<figure class=\"wp-block-image size-large\"><img loading=\"lazy\" decoding=\"async\" width=\"1024\" height=\"35\" src=\"https:\/\/afabonavista.es\/wp-content\/uploads\/2025\/08\/white_space-1024x35.jpg\" alt=\"\" class=\"wp-image-2429\" srcset=\"https:\/\/afabonavista.es\/wp-content\/uploads\/2025\/08\/white_space-1024x35.jpg 1024w, https:\/\/afabonavista.es\/wp-content\/uploads\/2025\/08\/white_space-300x10.jpg 300w, https:\/\/afabonavista.es\/wp-content\/uploads\/2025\/08\/white_space-768x26.jpg 768w, https:\/\/afabonavista.es\/wp-content\/uploads\/2025\/08\/white_space-1320x45.jpg 1320w, https:\/\/afabonavista.es\/wp-content\/uploads\/2025\/08\/white_space-600x21.jpg 600w, https:\/\/afabonavista.es\/wp-content\/uploads\/2025\/08\/white_space.jpg 1456w\" sizes=\"auto, (max-width: 1024px) 100vw, 1024px\" \/><\/figure>\n\n\n\n<div class=\"wp-block-uagb-advanced-heading uagb-block-c8e2d2b6\"><h1 class=\"uagb-heading-text\">Documentaci\u00f3<\/h1><\/div>\n\n\n\n<figure class=\"wp-block-image size-large\"><img loading=\"lazy\" decoding=\"async\" width=\"1024\" height=\"35\" src=\"https:\/\/afabonavista.es\/wp-content\/uploads\/2025\/08\/white_space-1024x35.jpg\" alt=\"\" class=\"wp-image-2429\" srcset=\"https:\/\/afabonavista.es\/wp-content\/uploads\/2025\/08\/white_space-1024x35.jpg 1024w, https:\/\/afabonavista.es\/wp-content\/uploads\/2025\/08\/white_space-300x10.jpg 300w, https:\/\/afabonavista.es\/wp-content\/uploads\/2025\/08\/white_space-768x26.jpg 768w, https:\/\/afabonavista.es\/wp-content\/uploads\/2025\/08\/white_space-1320x45.jpg 1320w, https:\/\/afabonavista.es\/wp-content\/uploads\/2025\/08\/white_space-600x21.jpg 600w, https:\/\/afabonavista.es\/wp-content\/uploads\/2025\/08\/white_space.jpg 1456w\" sizes=\"auto, (max-width: 1024px) 100vw, 1024px\" \/><\/figure>\n\n\n\n<p>Ac\u00ed podr\u00e0s consultar tota la documentaci\u00f3 de l'AFA BONAVISTA, des dels estatuts vigents de l'associaci\u00f3, actes d'assemblees i consell escolar, pressupostos i mem\u00f2ries d'activitats en curs.<\/p>\n\n\n\n<figure class=\"wp-block-image size-large is-resized\"><img loading=\"lazy\" decoding=\"async\" width=\"1024\" height=\"35\" src=\"https:\/\/afabonavista.es\/wp-content\/uploads\/2025\/08\/white_space-1024x35.jpg\" alt=\"\" class=\"wp-image-2429\" style=\"width:1181px;height:auto\" srcset=\"https:\/\/afabonavista.es\/wp-content\/uploads\/2025\/08\/white_space-1024x35.jpg 1024w, https:\/\/afabonavista.es\/wp-content\/uploads\/2025\/08\/white_space-300x10.jpg 300w, https:\/\/afabonavista.es\/wp-content\/uploads\/2025\/08\/white_space-768x26.jpg 768w, https:\/\/afabonavista.es\/wp-content\/uploads\/2025\/08\/white_space-1320x45.jpg 1320w, https:\/\/afabonavista.es\/wp-content\/uploads\/2025\/08\/white_space-600x21.jpg 600w, https:\/\/afabonavista.es\/wp-content\/uploads\/2025\/08\/white_space.jpg 1456w\" sizes=\"auto, (max-width: 1024px) 100vw, 1024px\" \/><\/figure>\n\n\n\n<div class=\"wp-block-uagb-advanced-heading uagb-block-bfebecaa\"><h3 class=\"uagb-heading-text\"><em>Curs 2025\/2026<\/em><\/h3><\/div>\n\n\n\n<figure class=\"wp-block-image size-large is-resized\"><img loading=\"lazy\" decoding=\"async\" width=\"1024\" height=\"35\" src=\"https:\/\/afabonavista.es\/wp-content\/uploads\/2025\/08\/white_space-1024x35.jpg\" alt=\"\" class=\"wp-image-2429\" style=\"width:1181px;height:auto\" srcset=\"https:\/\/afabonavista.es\/wp-content\/uploads\/2025\/08\/white_space-1024x35.jpg 1024w, https:\/\/afabonavista.es\/wp-content\/uploads\/2025\/08\/white_space-300x10.jpg 300w, https:\/\/afabonavista.es\/wp-content\/uploads\/2025\/08\/white_space-768x26.jpg 768w, https:\/\/afabonavista.es\/wp-content\/uploads\/2025\/08\/white_space-1320x45.jpg 1320w, https:\/\/afabonavista.es\/wp-content\/uploads\/2025\/08\/white_space-600x21.jpg 600w, https:\/\/afabonavista.es\/wp-content\/uploads\/2025\/08\/white_space.jpg 1456w\" sizes=\"auto, (max-width: 1024px) 100vw, 1024px\" \/><\/figure>\n\n\n\n<div data-block-name=\"woocommerce\/accordion-group\" data-wp-context=\"{&quot;autoclose&quot;:false,&quot;isOpen&quot;:[]}\" data-wp-interactive=\"woocommerce\/accordion\" class=\"wp-block-woocommerce-accordion-group is-layout-flow wp-block-accordion-group-is-layout-flow\">\n<div data-block-name=\"woocommerce\/accordion-item\" data-wp-class--is-open=\"state.isOpen\" data-wp-context=\"{&quot;id&quot;:&quot;woocommerce-accordion-item-1&quot;,&quot;openByDefault&quot;:false}\" data-wp-init=\"callbacks.initIsOpen\" class=\"wp-block-woocommerce-accordion-item is-layout-flow wp-block-accordion-item-is-layout-flow\">\n<h3 data-block-name=\"woocommerce\/accordion-header\" data-font-size=\"medium\" data-icon=\"chevron\" data-layout=\"{&quot;type&quot;:&quot;constrained&quot;}\" class=\"wp-block-woocommerce-accordion-header has-medium-font-size accordion-item__heading is-layout-constrained wp-block-accordion-header-is-layout-constrained\"><button aria-expanded=\"false\" aria-controls=\"woocommerce-accordion-item-1-panel\" data-wp-bind--aria-expanded=\"state.isOpen\" data-wp-on--click=\"actions.toggle\" id=\"woocommerce-accordion-item-1\" class=\"accordion-item__toggle\"><span>Assemblees AFA Bonavista<\/span><span class=\"accordion-item__toggle-icon has-icon-chevron\" style=\"width:1.2em;height:1.2em\"><svg width=\"1.2em\" height=\"1.2em\" viewbox=\"0 0 24 24\" fill=\"none\" xmlns=\"http:\/\/www.w3.org\/2000\/svg\" aria-hidden=\"true\"><path fill-rule=\"evenodd\" clip-rule=\"evenodd\" d=\"M18.0041 10.5547L11.9996 16.0134L5.99512 10.5547L7.00413 9.44482L11.9996 13.9862L16.9951 9.44483L18.0041 10.5547Z\" fill=\"currentColor\"><\/path><\/svg><\/span><\/button><\/h3>\n\n\n\n<div inert aria-labelledby=\"woocommerce-accordion-item-1\" data-wp-bind--inert=\"!state.isOpen\" id=\"woocommerce-accordion-item-1-panel\" role=\"region\" data-block-name=\"woocommerce\/accordion-panel\" class=\"wp-block-woocommerce-accordion-panel\"><div class=\"accordion-content__wrapper is-layout-flow wp-block-accordion-panel-is-layout-flow\">\n<p><\/p>\n\n\n\n<p>Desembre 2025<\/p>\n\n\n\n<p><\/p>\n<\/div><\/div>\n<\/div>\n\n\n\n<div data-block-name=\"woocommerce\/accordion-item\" data-wp-class--is-open=\"state.isOpen\" data-wp-context=\"{&quot;id&quot;:&quot;woocommerce-accordion-item-2&quot;,&quot;openByDefault&quot;:false}\" data-wp-init=\"callbacks.initIsOpen\" class=\"wp-block-woocommerce-accordion-item is-layout-flow wp-block-accordion-item-is-layout-flow\">\n<h3 data-block-name=\"woocommerce\/accordion-header\" data-font-size=\"medium\" data-icon=\"chevron\" class=\"wp-block-woocommerce-accordion-header has-medium-font-size accordion-item__heading is-layout-flow wp-block-accordion-header-is-layout-flow\"><button aria-expanded=\"false\" aria-controls=\"woocommerce-accordion-item-2-panel\" data-wp-bind--aria-expanded=\"state.isOpen\" data-wp-on--click=\"actions.toggle\" id=\"woocommerce-accordion-item-2\" class=\"accordion-item__toggle\"><span>Resums Consell Escolar AFA Bonavista<\/span><span class=\"accordion-item__toggle-icon has-icon-chevron\" style=\"width:1.2em;height:1.2em\"><svg width=\"1.2em\" height=\"1.2em\" viewbox=\"0 0 24 24\" fill=\"none\" xmlns=\"http:\/\/www.w3.org\/2000\/svg\" aria-hidden=\"true\"><path fill-rule=\"evenodd\" clip-rule=\"evenodd\" d=\"M18.0041 10.5547L11.9996 16.0134L5.99512 10.5547L7.00413 9.44482L11.9996 13.9862L16.9951 9.44483L18.0041 10.5547Z\" fill=\"currentColor\"><\/path><\/svg><\/span><\/button><\/h3>\n\n\n\n<div inert aria-labelledby=\"woocommerce-accordion-item-2\" data-wp-bind--inert=\"!state.isOpen\" id=\"woocommerce-accordion-item-2-panel\" role=\"region\" data-block-name=\"woocommerce\/accordion-panel\" class=\"wp-block-woocommerce-accordion-panel\"><div class=\"accordion-content__wrapper is-layout-flow wp-block-accordion-panel-is-layout-flow\">\n<p><\/p>\n\n\n\n<p><a href=\"https:\/\/afabonavista.es\/wp-content\/uploads\/2026\/02\/Resumen-Consejo-Escolar-11_11_25.pdf\" target=\"_blank\" rel=\"noopener\" title=\"\">Resum Consell Escolar 11\/11\/2025<\/a><\/p>\n\n\n\n<p><a href=\"https:\/\/afabonavista.es\/wp-content\/uploads\/2026\/02\/Resumen-Consejo-Escolar-2_12_25.pdf\" target=\"_blank\" rel=\"noopener\" title=\"\">Resum Consell Escolar 2\/12\/2025<\/a><\/p>\n\n\n\n<p><a href=\"https:\/\/afabonavista.es\/wp-content\/uploads\/2026\/02\/Resumen-Consejo-Escolar-29_01_26.pdf\" target=\"_blank\" rel=\"noopener\" title=\"\">Resum Consell Escolar 29\/01\/2026<\/a><\/p>\n\n\n<\/div><\/div>\n<\/div>\n<\/div>\n\n\n\n<figure class=\"wp-block-image size-large\"><img loading=\"lazy\" decoding=\"async\" width=\"1024\" height=\"35\" src=\"https:\/\/afabonavista.es\/wp-content\/uploads\/2025\/08\/white_space-1024x35.jpg\" alt=\"\" class=\"wp-image-2429\" srcset=\"https:\/\/afabonavista.es\/wp-content\/uploads\/2025\/08\/white_space-1024x35.jpg 1024w, https:\/\/afabonavista.es\/wp-content\/uploads\/2025\/08\/white_space-300x10.jpg 300w, https:\/\/afabonavista.es\/wp-content\/uploads\/2025\/08\/white_space-768x26.jpg 768w, https:\/\/afabonavista.es\/wp-content\/uploads\/2025\/08\/white_space-1320x45.jpg 1320w, https:\/\/afabonavista.es\/wp-content\/uploads\/2025\/08\/white_space-600x21.jpg 600w, https:\/\/afabonavista.es\/wp-content\/uploads\/2025\/08\/white_space.jpg 1456w\" sizes=\"auto, (max-width: 1024px) 100vw, 1024px\" \/><\/figure>\n\n\n\n<p><\/p>","protected":false},"excerpt":{"rendered":"<p>Documentaci\u00f3n Aqu\u00ed podr\u00e1s consultar toda la documentaci\u00f3n de la AFA BONAVISTA, desde los estatutos vigentes de la asociaci\u00f3n, actas de asambleas y consejo escolar, presupuestos y memorias de actividades en curso. Curso 2025\/2026<\/p>","protected":false},"author":1,"featured_media":0,"parent":0,"menu_order":0,"comment_status":"closed","ping_status":"closed","template":"","meta":{"_uag_custom_page_level_css":"","site-sidebar-layout":"default","site-content-layout":"","ast-site-content-layout":"default","site-content-style":"unboxed","site-sidebar-style":"default","ast-global-header-display":"","ast-banner-title-visibility":"","ast-main-header-display":"","ast-hfb-above-header-display":"","ast-hfb-below-header-display":"","ast-hfb-mobile-header-display":"","site-post-title":"disabled","ast-breadcrumbs-content":"","ast-featured-img":"","footer-sml-layout":"","theme-transparent-header-meta":"","adv-header-id-meta":"","stick-header-meta":"","header-above-stick-meta":"","header-main-stick-meta":"","header-below-stick-meta":"","astra-migrate-meta-layouts":"set","ast-page-background-enabled":"default","ast-page-background-meta":{"desktop":{"background-color":"","background-image":"","background-repeat":"repeat","background-position":"center center","background-size":"auto","background-attachment":"scroll","background-type":"","background-media":"","overlay-type":"","overlay-color":"","overlay-opacity":"","overlay-gradient":""},"tablet":{"background-color":"","background-image":"","background-repeat":"repeat","background-position":"center center","background-size":"auto","background-attachment":"scroll","background-type":"","background-media":"","overlay-type":"","overlay-color":"","overlay-opacity":"","overlay-gradient":""},"mobile":{"background-color":"","background-image":"","background-repeat":"repeat","background-position":"center center","background-size":"auto","background-attachment":"scroll","background-type":"","background-media":"","overlay-type":"","overlay-color":"","overlay-opacity":"","overlay-gradient":""}},"ast-content-background-meta":{"desktop":{"background-color":"var(--ast-global-color-5)","background-image":"","background-repeat":"repeat","background-position":"center center","background-size":"auto","background-attachment":"scroll","background-type":"","background-media":"","overlay-type":"","overlay-color":"","overlay-opacity":"","overlay-gradient":""},"tablet":{"background-color":"var(--ast-global-color-5)","background-image":"","background-repeat":"repeat","background-position":"center center","background-size":"auto","background-attachment":"scroll","background-type":"","background-media":"","overlay-type":"","overlay-color":"","overlay-opacity":"","overlay-gradient":""},"mobile":{"background-color":"var(--ast-global-color-5)","background-image":"","background-repeat":"repeat","background-position":"center center","background-size":"auto","background-attachment":"scroll","background-type":"","background-media":"","overlay-type":"","overlay-color":"","overlay-opacity":"","overlay-gradient":""}},"footnotes":""},"class_list":["post-2456","page","type-page","status-publish","hentry"],"aioseo_notices":[],"_hostinger_reach_plugin_has_subscription_block":false,"_hostinger_reach_plugin_is_elementor":false,"uagb_featured_image_src":{"full":false,"thumbnail":false,"medium":false,"medium_large":false,"large":false,"1536x1536":false,"2048x2048":false,"trp-custom-language-flag":false,"mailpoet_newsletter_max":false,"woocommerce_thumbnail":false,"woocommerce_single":false,"woocommerce_gallery_thumbnail":false},"uagb_author_info":{"display_name":"AFA BONAVISTA","author_link":"https:\/\/afabonavista.es\/val\/author\/osrodpegmail-com\/"},"uagb_comment_info":0,"uagb_excerpt":"Documentaci\u00f3n Aqu\u00ed podr\u00e1s consultar toda la documentaci\u00f3n de la AFA BONAVISTA, desde los estatutos vigentes de la asociaci\u00f3n, actas de asambleas y consejo escolar, presupuestos y memorias de actividades en curso. Curso 2025\/2026","_links":{"self":[{"href":"https:\/\/afabonavista.es\/val\/wp-json\/wp\/v2\/pages\/2456","targetHints":{"allow":["GET"]}}],"collection":[{"href":"https:\/\/afabonavista.es\/val\/wp-json\/wp\/v2\/pages"}],"about":[{"href":"https:\/\/afabonavista.es\/val\/wp-json\/wp\/v2\/types\/page"}],"author":[{"embeddable":true,"href":"https:\/\/afabonavista.es\/val\/wp-json\/wp\/v2\/users\/1"}],"replies":[{"embeddable":true,"href":"https:\/\/afabonavista.es\/val\/wp-json\/wp\/v2\/comments?post=2456"}],"version-history":[{"count":24,"href":"https:\/\/afabonavista.es\/val\/wp-json\/wp\/v2\/pages\/2456\/revisions"}],"predecessor-version":[{"id":4055,"href":"https:\/\/afabonavista.es\/val\/wp-json\/wp\/v2\/pages\/2456\/revisions\/4055"}],"wp:attachment":[{"href":"https:\/\/afabonavista.es\/val\/wp-json\/wp\/v2\/media?parent=2456"}],"curies":[{"name":"wp","href":"https:\/\/api.w.org\/{rel}","templated":true}]}}