{"id":2445,"date":"2025-08-25T23:01:14","date_gmt":"2025-08-25T21:01:14","guid":{"rendered":"https:\/\/afabonavista.es\/?page_id=2445"},"modified":"2025-10-09T16:05:00","modified_gmt":"2025-10-09T14:05:00","slug":"colabora","status":"publish","type":"page","link":"https:\/\/afabonavista.es\/val\/colabora\/","title":{"rendered":"COL\u00b7LABORA"},"content":{"rendered":"<figure class=\"wp-block-image size-large\"><img loading=\"lazy\" decoding=\"async\" width=\"1024\" height=\"35\" src=\"https:\/\/afabonavista.es\/wp-content\/uploads\/2025\/08\/white_space-1024x35.jpg\" alt=\"\" class=\"wp-image-2429\" srcset=\"https:\/\/afabonavista.es\/wp-content\/uploads\/2025\/08\/white_space-1024x35.jpg 1024w, https:\/\/afabonavista.es\/wp-content\/uploads\/2025\/08\/white_space-300x10.jpg 300w, https:\/\/afabonavista.es\/wp-content\/uploads\/2025\/08\/white_space-768x26.jpg 768w, https:\/\/afabonavista.es\/wp-content\/uploads\/2025\/08\/white_space-1320x45.jpg 1320w, https:\/\/afabonavista.es\/wp-content\/uploads\/2025\/08\/white_space-600x21.jpg 600w, https:\/\/afabonavista.es\/wp-content\/uploads\/2025\/08\/white_space.jpg 1456w\" sizes=\"auto, (max-width: 1024px) 100vw, 1024px\" \/><\/figure>\n\n\n\n<div class=\"wp-block-uagb-advanced-heading uagb-block-b7074515\"><h2 class=\"uagb-heading-text\">Col\u00b7labora<\/h2><\/div>\n\n\n\n<figure class=\"wp-block-image size-large\"><img loading=\"lazy\" decoding=\"async\" width=\"1024\" height=\"35\" src=\"https:\/\/afabonavista.es\/wp-content\/uploads\/2025\/08\/white_space-1024x35.jpg\" alt=\"\" class=\"wp-image-2429\" srcset=\"https:\/\/afabonavista.es\/wp-content\/uploads\/2025\/08\/white_space-1024x35.jpg 1024w, https:\/\/afabonavista.es\/wp-content\/uploads\/2025\/08\/white_space-300x10.jpg 300w, https:\/\/afabonavista.es\/wp-content\/uploads\/2025\/08\/white_space-768x26.jpg 768w, https:\/\/afabonavista.es\/wp-content\/uploads\/2025\/08\/white_space-1320x45.jpg 1320w, https:\/\/afabonavista.es\/wp-content\/uploads\/2025\/08\/white_space-600x21.jpg 600w, https:\/\/afabonavista.es\/wp-content\/uploads\/2025\/08\/white_space.jpg 1456w\" sizes=\"auto, (max-width: 1024px) 100vw, 1024px\" \/><\/figure>\n\n\n\n<p>A l\u2019AFA Bonavista creiem que l\u2019educaci\u00f3 \u00e9s una tasca compartida. Quan fam\u00edlies i escola anem de la m\u00e0, tot es molt millor.<\/p>\n\n\n\n<p><br>Pares, mares i familiars necessitem la vostra veu, les vostres idees i el vostre temps, encara que siga poc. Qualsevol aportaci\u00f3 suma. Pots col\u00b7laborar en una comissi\u00f3, ajudar en alguna activitat puntual, compartir coneixements o habilitats o, simplement, estar present i participar. Sense tu, res floreix!!<\/p>\n\n\n\n<figure class=\"wp-block-image size-large\"><img loading=\"lazy\" decoding=\"async\" width=\"1024\" height=\"35\" src=\"https:\/\/afabonavista.es\/wp-content\/uploads\/2025\/08\/white_space-1024x35.jpg\" alt=\"\" class=\"wp-image-2429\" srcset=\"https:\/\/afabonavista.es\/wp-content\/uploads\/2025\/08\/white_space-1024x35.jpg 1024w, https:\/\/afabonavista.es\/wp-content\/uploads\/2025\/08\/white_space-300x10.jpg 300w, https:\/\/afabonavista.es\/wp-content\/uploads\/2025\/08\/white_space-768x26.jpg 768w, https:\/\/afabonavista.es\/wp-content\/uploads\/2025\/08\/white_space-1320x45.jpg 1320w, https:\/\/afabonavista.es\/wp-content\/uploads\/2025\/08\/white_space-600x21.jpg 600w, https:\/\/afabonavista.es\/wp-content\/uploads\/2025\/08\/white_space.jpg 1456w\" sizes=\"auto, (max-width: 1024px) 100vw, 1024px\" \/><\/figure>\n\n\n\n<p><\/p>","protected":false},"excerpt":{"rendered":"<p>Colabora En la AFA Bonavista creemos que la educaci\u00f3n es una tarea compartida. Cuando familias y escuela vamos juntos, todo es mucho mejor. Padres, madres y familiares necesitamos vuestra voz, vuestras ideas y vuestro tiempo, aunque sea poco. Cualquier aportaci\u00f3n suma. Puedes colaborar en una comisi\u00f3n, ayudar en alguna actividad puntual, compartir conocimientos o habilidades [&hellip;]<\/p>","protected":false},"author":1,"featured_media":0,"parent":0,"menu_order":0,"comment_status":"closed","ping_status":"closed","template":"","meta":{"_uag_custom_page_level_css":"","site-sidebar-layout":"default","site-content-layout":"","ast-site-content-layout":"default","site-content-style":"unboxed","site-sidebar-style":"default","ast-global-header-display":"","ast-banner-title-visibility":"","ast-main-header-display":"","ast-hfb-above-header-display":"","ast-hfb-below-header-display":"","ast-hfb-mobile-header-display":"","site-post-title":"disabled","ast-breadcrumbs-content":"","ast-featured-img":"","footer-sml-layout":"","theme-transparent-header-meta":"","adv-header-id-meta":"","stick-header-meta":"","header-above-stick-meta":"","header-main-stick-meta":"","header-below-stick-meta":"","astra-migrate-meta-layouts":"set","ast-page-background-enabled":"default","ast-page-background-meta":{"desktop":{"background-color":"","background-image":"","background-repeat":"repeat","background-position":"center center","background-size":"auto","background-attachment":"scroll","background-type":"","background-media":"","overlay-type":"","overlay-color":"","overlay-opacity":"","overlay-gradient":""},"tablet":{"background-color":"","background-image":"","background-repeat":"repeat","background-position":"center center","background-size":"auto","background-attachment":"scroll","background-type":"","background-media":"","overlay-type":"","overlay-color":"","overlay-opacity":"","overlay-gradient":""},"mobile":{"background-color":"","background-image":"","background-repeat":"repeat","background-position":"center center","background-size":"auto","background-attachment":"scroll","background-type":"","background-media":"","overlay-type":"","overlay-color":"","overlay-opacity":"","overlay-gradient":""}},"ast-content-background-meta":{"desktop":{"background-color":"var(--ast-global-color-5)","background-image":"","background-repeat":"repeat","background-position":"center center","background-size":"auto","background-attachment":"scroll","background-type":"","background-media":"","overlay-type":"","overlay-color":"","overlay-opacity":"","overlay-gradient":""},"tablet":{"background-color":"var(--ast-global-color-5)","background-image":"","background-repeat":"repeat","background-position":"center center","background-size":"auto","background-attachment":"scroll","background-type":"","background-media":"","overlay-type":"","overlay-color":"","overlay-opacity":"","overlay-gradient":""},"mobile":{"background-color":"var(--ast-global-color-5)","background-image":"","background-repeat":"repeat","background-position":"center center","background-size":"auto","background-attachment":"scroll","background-type":"","background-media":"","overlay-type":"","overlay-color":"","overlay-opacity":"","overlay-gradient":""}},"footnotes":""},"class_list":["post-2445","page","type-page","status-publish","hentry"],"aioseo_notices":[],"_hostinger_reach_plugin_has_subscription_block":false,"_hostinger_reach_plugin_is_elementor":false,"uagb_featured_image_src":{"full":false,"thumbnail":false,"medium":false,"medium_large":false,"large":false,"1536x1536":false,"2048x2048":false,"trp-custom-language-flag":false,"mailpoet_newsletter_max":false,"woocommerce_thumbnail":false,"woocommerce_single":false,"woocommerce_gallery_thumbnail":false},"uagb_author_info":{"display_name":"AFA BONAVISTA","author_link":"https:\/\/afabonavista.es\/val\/author\/osrodpegmail-com\/"},"uagb_comment_info":0,"uagb_excerpt":"Colabora En la AFA Bonavista creemos que la educaci\u00f3n es una tarea compartida. Cuando familias y escuela vamos juntos, todo es mucho mejor. Padres, madres y familiares necesitamos vuestra voz, vuestras ideas y vuestro tiempo, aunque sea poco. Cualquier aportaci\u00f3n suma. Puedes colaborar en una comisi\u00f3n, ayudar en alguna actividad puntual, compartir conocimientos o habilidades&hellip;","_links":{"self":[{"href":"https:\/\/afabonavista.es\/val\/wp-json\/wp\/v2\/pages\/2445","targetHints":{"allow":["GET"]}}],"collection":[{"href":"https:\/\/afabonavista.es\/val\/wp-json\/wp\/v2\/pages"}],"about":[{"href":"https:\/\/afabonavista.es\/val\/wp-json\/wp\/v2\/types\/page"}],"author":[{"embeddable":true,"href":"https:\/\/afabonavista.es\/val\/wp-json\/wp\/v2\/users\/1"}],"replies":[{"embeddable":true,"href":"https:\/\/afabonavista.es\/val\/wp-json\/wp\/v2\/comments?post=2445"}],"version-history":[{"count":3,"href":"https:\/\/afabonavista.es\/val\/wp-json\/wp\/v2\/pages\/2445\/revisions"}],"predecessor-version":[{"id":3854,"href":"https:\/\/afabonavista.es\/val\/wp-json\/wp\/v2\/pages\/2445\/revisions\/3854"}],"wp:attachment":[{"href":"https:\/\/afabonavista.es\/val\/wp-json\/wp\/v2\/media?parent=2445"}],"curies":[{"name":"wp","href":"https:\/\/api.w.org\/{rel}","templated":true}]}}